

{"id":107,"date":"2021-06-09T09:16:02","date_gmt":"2021-06-09T07:16:02","guid":{"rendered":"http:\/\/make-wp.inrialpes.fr\/wordpress\/oasis\/?page_id=107"},"modified":"2024-11-27T15:50:25","modified_gmt":"2024-11-27T14:50:25","slug":"appels-a-communication-2022","status":"publish","type":"page","link":"https:\/\/archipel.inria.fr\/fr\/appels-a-communication-2022\/","title":{"rendered":"Appels \u00e0 communication 2022"},"content":{"rendered":"<h1 class=\"wp-block-heading has-text-color\" style=\"color:#62c4dd\">Appels \u00e0 communication 2022<\/h1>\n\n\n\n<p>De par ses objectifs et son caract\u00e8re transdisciplinaire, la conf\u00e9rence Archipel veut proposer un cadre et des formes de discussion et de partage de connaissances qui permettent aux chercheurs de traditions diverses de travailler ensemble.<\/p>\n\n\n\n<p>Dans ce but, nous proc\u00e9dons \u00e0 trois appels \u00e0 communication (d\u00e9taill\u00e9s ci-dessous) :<\/p>\n\n\n\n<ol class=\"wp-block-list\"><li><a href=\"#1-Appel-\u00e0-symposiums\" data-type=\"internal\" data-id=\"#1-Appel-\u00e0-symposiums\">Appel \u00e0 symposiums<\/a><ul><li>Les symposiums sont des lieux de d\u00e9bats sur un questionnement clairement identifi\u00e9. La priorit\u00e9 sera donn\u00e9e aux projets port\u00e9s par des jeunes.<\/li><\/ul><\/li><li><a href=\"#2-Appel-\u00e0-soumission-d\u2019articles-scientifiques\" data-type=\"internal\" data-id=\"#2-Appel-\u00e0-soumission-d\u2019articles-scientifiques\">Appel \u00e0 soumission de r\u00e9sum\u00e9 \u00e9tendu<\/a><ul><li>Soumission plus classique pr\u00e9sentant des travaux et r\u00e9sultats scientifiques.<\/li><\/ul><\/li><li><a href=\"#3-Appel-a-proposition-ateliers\" data-type=\"internal\" data-id=\"#3-Appel-a-proposition-ateliers\">Appel \u00e0 organisation\/proposition d\u2019ateliers<\/a><ul><li>Les ateliers auront pour r\u00f4le d\u2019aider \u00e0 mettre en place la communaut\u00e9 scientifique, et de permettre aux diff\u00e9rents acteurs de la soci\u00e9t\u00e9 d\u2019interagir directement avec cette communaut\u00e9.<\/li><\/ul><\/li><\/ol>\n\n\n\n<p>Une place importante est consacr\u00e9e aux jeunes chercheur.euses, que nous incitons tout particuli\u00e8rement \u00e0 soumettre une proposition. Nous invitons aussi les chercheurs permanent.es \u00e0 soutenir cette d\u00e9marche.<\/p>\n\n\n\n<h3 class=\"wp-block-heading has-text-color\" id=\"1-Appel-\u00e0-symposiums\" style=\"color:#62c4dd\">1. Appel \u00e0 symposiums<\/h3>\n\n\n\n<h4 class=\"wp-block-heading has-text-color\" id=\"Objectifs--Les-symposiums-doivent-\u00eatre-des-lieux-de-d\u00e9bats-sur-un-questionnement-clairement-identifi\u00e9-en-lien-direct-avec-les-th\u00e9matiques-et-objectifs-de-la-conf\u00e9rence\" style=\"color:#62c4dd\">Objectifs : <\/h4>\n\n\n\n<p>Les <strong>symposiums<\/strong> doivent \u00eatre des lieux de <strong>d\u00e9bats<\/strong> sur un <strong>questionnement clairement identifi\u00e9<\/strong> en lien direct avec <strong>les th\u00e9matiques et objectifs de la conf\u00e9rence<\/strong>.<\/p>\n\n\n\n<h4 class=\"wp-block-heading has-text-color\" id=\"Principes-vis\u00e9s-\" style=\"color:#62c4dd\">Principes vis\u00e9s :<\/h4>\n\n\n\n<ul class=\"wp-block-list\"><li>Deux heures d\u2019\u00e9changes s\u2019appuyant sur des pr\u00e9sentations (rapides) de <strong>travaux scientifiques<\/strong> existants et sur un <strong>d\u00e9bat<\/strong> de type table ronde dans lequel se confrontent des regards <strong>croisant les points de vue des sciences dures et de SHS<\/strong> avec un dialogue entre <strong>questions de fond et questions techniques<\/strong> (m\u00e9thodologies, modes de pens\u00e9es, attendus, pr\u00e9suppos\u00e9s, port\u00e9e\u2026).<\/li><li>Propositions id\u00e9alement port\u00e9es par des <strong>jeunes chercheuses et chercheurs<\/strong> (doctorants, post-docs, docteurs ayant soutenu leur th\u00e8se apr\u00e8s 2018) pouvant \u00eatre mentor\u00e9s par une chercheuse ou un chercheur confirm\u00e9, et rassemblant des profils venant des sciences dures et des SHS.<\/li><li>Le Comit\u00e9 de Programme pourra proposer des adaptations avant acceptation (modifications, fusion de symposiums soumis ind\u00e9pendamment).<\/li><li>Pour les propositions accept\u00e9es, les intervenantes et intervenants devront ensuite soumettre un r\u00e9sum\u00e9 de positionnement (une ou deux pages fournissant, en plus du r\u00e9sum\u00e9, une biographie et une s\u00e9lection de publications) qui sera \u00e9valu\u00e9 par le Comit\u00e9 de Programme, puis transmis aux participantes et participants de la conf\u00e9rence et inclus dans les actes de la conf\u00e9rence.<\/li><\/ul>\n\n\n\n<p>Ces principes sont des recommandations ; ce ne sont pas des obligations. Ce qui compte c\u2019est de respecter l\u2019\u00e9tat d\u2019esprit sous-jacent visant \u00e0 rassembler des points de vue compl\u00e9mentaires sur des questionnements communs. N\u2019h\u00e9sitez pas \u00e0 nous contacter si besoin.<\/p>\n\n\n\n<h4 class=\"wp-block-heading has-text-color\" id=\"Exemples-de-propositions-de-symposium-\" style=\"color:#62c4dd\">Exemples de th\u00e9matiques de symposium :<\/h4>\n\n\n\n<ul class=\"wp-block-list\"><li><a href=\"https:\/\/archipel.inria.fr\/files\/2024\/11\/Symposium-PYSW-1.pdf\" data-type=\"URL\" data-id=\"https:\/\/archipel.inria.fr\/files\/2024\/11\/Symposium-PYSW-1.pdf\">Les discours du GIEC, entre savoir, pouvoir et id\u00e9ologie : ce que l\u2019on met sur la table politique<\/a><\/li><li><a href=\"https:\/\/archipel.inria.fr\/files\/2024\/11\/symposium-chesney-dupre-archipel-1.pdf\" data-type=\"URL\" data-id=\"https:\/\/archipel.inria.fr\/files\/2024\/11\/symposium-chesney-dupre-archipel-1.pdf\">Comment la finance mine la d\u00e9mocratie et conduit \u00e0 sa destruction ?<\/a><\/li><\/ul>\n\n\n\n<h4 class=\"wp-block-heading has-text-color\" id=\"Contenus-des-propositions-soumises-\" style=\"color:#62c4dd\">Contenu id\u00e9al des propositions soumises :<\/h4>\n\n\n\n<ul class=\"wp-block-list\"><li>Questionnement ou th\u00e9matique du symposium<\/li><li>Objectifs<\/li><li>Angles d\u2019attaque \/ points de vue entrecrois\u00e9s \/ r\u00e9flexions envisag\u00e9es<\/li><li>Liste des potentiels intervenantes et intervenants pr\u00e9cisant si ces personnes ont d\u00e9j\u00e0 \u00e9t\u00e9 contact\u00e9es et si elles ont donn\u00e9 leur accord pour participer \u00e0 l\u2019\u00e9v\u00e9nement. Les personnes organisatrices peuvent faire partie des intervenantes.<\/li><li>Liste des travaux sur lesquels la discussion s\u2019appuiera. Il peut s\u2019agir de travaux d\u00e9j\u00e0 publi\u00e9s (dans le cas, il suffit de donner la r\u00e9f. bibliographique ou le lien <a rel=\"noreferrer noopener\" href=\"https:\/\/hal.archives-ouvertes.fr\/\" target=\"_blank\">HAL<\/a>) ou de travaux en cours (cela pourrait par exemple \u00eatre le cas d \u2018un travail de th\u00e8se ; transmettre alors un court r\u00e9sum\u00e9 et le contexte de la th\u00e8se).<\/li><li>Liste des porteuses et porteurs (noms, statuts, affiliations, domaines de comp\u00e9tence).<\/li><\/ul>\n\n\n\n<h3 class=\"wp-block-heading has-text-color\" id=\"2-Appel-\u00e0-soumission-d\u2019articles-scientifiques\" style=\"color:#62c4dd\">2. Appel \u00e0 soumission de r\u00e9sum\u00e9 \u00e9tendu <\/h3>\n\n\n\n<p> Les <strong>r\u00e9sum\u00e9s \u00e9tendus <\/strong>soumis pr\u00e9sentent des <strong>contributions scientifiques<\/strong> en lien direct avec<strong> les th\u00e9matiques et les objectifs de la conf\u00e9rence.<\/strong> <\/p>\n\n\n\n<ul class=\"wp-block-list\"><li>Contenu : ces r\u00e9sum\u00e9s \u00e9tendus peuvent pr\u00e9senter des r\u00e9sultats scientifiques in\u00e9dits ou reprendre des travaux d\u00e9j\u00e0 publi\u00e9s r\u00e9cemment dans une autre langue par les auteurs. Ils peuvent pr\u00e9senter des r\u00e9sultats en cours, comme des r\u00e9sultats aboutis. En plus des r\u00e9f\u00e9rences bibliographiques, ceux-ci devront contenir une courte biographie des auteurs principaux.<\/li><li>Langue : ces r\u00e9sum\u00e9s \u00e9tendus doivent \u00eatre si possible r\u00e9dig\u00e9s en fran\u00e7ais, mais il est aussi possible de soumettre des contributions en anglais.<\/li><li>Taille : 3 pages maximum pour le texte et la bibliographie + 1 page maximum pour les biographies<\/li><\/ul>\n\n\n\n<p>Les r\u00e9sum\u00e9s accept\u00e9s seront publi\u00e9s dans les actes de la conf\u00e9rence. Le Comit\u00e9 de Programme pr\u00e9voit de s\u00e9lectionner une partie des contributions en vue de la publication d\u2019un livre ou d\u2019une num\u00e9ro sp\u00e9cial dans une revue scientifique \u00e0 comit\u00e9 de lecture francophone.<\/p>\n\n\n\n<p>En fonction de la th\u00e9matique des articles soumis, leurs auteurs seront convi\u00e9s \u00e0 participer \u00e0 des symposiums existants ou bien seront regroup\u00e9s dans des symposiums sp\u00e9cifiques avec d\u2019autres auteurs d\u2019articles portant sur la m\u00eame th\u00e9matique. Les r\u00e9sultats scientifiques qu\u2019ils pr\u00e9sentent serviront de base \u00e0 une discussion collective avec une vision pluridisciplinaire, entre les auteurs et des personnes discutantes (invit\u00e9es) participant \u00e0 ces symposiums.<\/p>\n\n\n\n<p>La pr\u00e9sentation des articles ne suivra donc pas le mode op\u00e9ratoire classique des sciences dures (pr\u00e9sentations de 20mn + 10mn de questions avec le public, encha\u00een\u00e9es pendant une session), mais suivra un mode plus proche de ce qui est pratiqu\u00e9 dans les sciences humaines, et qui permettra de croiser les points de vue de mani\u00e8re \u00e0 favoriser la cr\u00e9ation de liens interdisciplinaires.<\/p>\n\n\n\n<h3 class=\"wp-block-heading has-text-color\" id=\"3-Appel-a-proposition-ateliers\" style=\"color:#62c4dd\">3. Appel \u00e0 proposition d\u2019ateliers<\/h3>\n\n\n\n<p>Alors que les symposiums ont vocation \u00e0 \u00eatre des lieux de d\u00e9bats entre un nombre limit\u00e9 d&rsquo;intervenants (moins d&rsquo;une douzaine) interagissant avec la salle via des jeux de questions-r\u00e9ponses, les ateliers ont, quant \u00e0 eux, vocation \u00e0 \u00eatre des lieux d&rsquo;\u00e9changes beaucoup plus participatif dans lesquels tous les participants ont le m\u00eame droit \u00e0 la parole.<\/p>\n\n\n\n<p>Trois types ateliers suivant des objectifs diff\u00e9rents peuvent \u00eatre propos\u00e9s :<\/p>\n\n\n\n<ol class=\"wp-block-list\"><li>Des ateliers permettant aux membres de la conf\u00e9rence de se retrouver pour travailler sur des questionnements sp\u00e9cifiques qu\u2019ils soient th\u00e9matiques, m\u00e9thodologiques, \u00e9pist\u00e9mologiques\u2026; l\u2019objectif est ici scientifique.<\/li><li>Des ateliers de travail ayant pour objectif la mise en place, l\u2019organisation et le fonctionnement pratique de la communaut\u00e9.<\/li><li>Des ateliers rassemblant la communaut\u00e9 scientifique et les diff\u00e9rentes parties prenantes de la soci\u00e9t\u00e9 (citoyennes, citoyens, soci\u00e9t\u00e9 civile, administrations, entreprises \u2026). L\u2019objectif ici est de faciliter les interactions et collaborations directes autour de questions d\u2019int\u00e9r\u00eat public. Ces ateliers peuvent \u00eatre l\u2019occasion pour les scientifiques d\u2019\u00eatre interpell\u00e9s par la soci\u00e9t\u00e9 civile sur les sujets centraux de la conf\u00e9rence. Ces ateliers peuvent \u00eatre propos\u00e9s par des citoyens, ONG, associations\u2026<\/li><\/ol>\n\n\n\n<h4 class=\"wp-block-heading has-text-color\" id=\"Contenus-des-propositions-d\u2019atelier-soumises-\" style=\"color:#62c4dd\">Contenus id\u00e9al des propositions d\u2019atelier soumises :<\/h4>\n\n\n\n<ul class=\"wp-block-list\"><li>Titre<\/li><li>Objectifs \/ th\u00e9matique \/ questionnements<\/li><li>Public cibl\u00e9<\/li><li>Organisation envisag\u00e9e<\/li><li>Besoins mat\u00e9riels, logistique<\/li><li>Liste des porteuses et porteurs (noms, statuts, affiliations, domaines de comp\u00e9tence).<\/li><li>Les ateliers peuvent \u00eatre port\u00e9s par toutes sortes d\u2019acteurs<\/li><\/ul>\n\n\n\n<h2 class=\"wp-block-heading has-text-color\" id=\"CRIT\u00c8RES-DE-S\u00c9LECTION\" style=\"color:#62c4dd\"><strong>CRIT\u00c8RES DE S\u00c9LECTION<\/strong><\/h2>\n\n\n\n<p>Les soumissions seront examin\u00e9es par au moins deux membres du comit\u00e9 de s\u00e9lection.<br>Seront consid\u00e9r\u00e9es en particulier :<\/p>\n\n\n\n<ul class=\"wp-block-list\"><li>l\u2019ad\u00e9quation aux objectifs et th\u00e9matique de la conf\u00e9rence ;<\/li><li>la dimension interdisciplinaire du travail pr\u00e9sent\u00e9 ;<\/li><li>l\u2019importance et l\u2019originalit\u00e9 de la contribution ;<\/li><li>la correction du contenu scientifique et technique ;<\/li><li>la reproductibilit\u00e9 des r\u00e9sultats ;<\/li><li>l\u2019organisation et la clart\u00e9 de la pr\u00e9sentation ;<\/li><li>les comp\u00e9tences scientifiques et l\u2019\u00e9thique des organisateurs propos\u00e9s (pour les symposiums et ateliers).<\/li><\/ul>\n\n\n\n<p><\/p>","protected":false},"excerpt":{"rendered":"<p>Appels \u00e0 communication 2022 De par ses objectifs et son caract\u00e8re transdisciplinaire, la conf\u00e9rence Archipel veut proposer un cadre et des formes de discussion et de partage de connaissances qui permettent aux chercheurs de traditions diverses de travailler ensemble. Dans ce but, nous proc\u00e9dons \u00e0 trois appels \u00e0 communication (d\u00e9taill\u00e9s\u2026<\/p>\n<p> <a class=\"continue-reading-link\" href=\"https:\/\/archipel.inria.fr\/fr\/appels-a-communication-2022\/\"><span>Continue reading<\/span><i class=\"crycon-right-dir\"><\/i><\/a> <\/p>\n","protected":false},"author":320,"featured_media":0,"parent":0,"menu_order":0,"comment_status":"closed","ping_status":"closed","template":"","meta":{"footnotes":""},"class_list":["post-107","page","type-page","status-publish","hentry"],"_links":{"self":[{"href":"https:\/\/archipel.inria.fr\/fr\/wp-json\/wp\/v2\/pages\/107","targetHints":{"allow":["GET"]}}],"collection":[{"href":"https:\/\/archipel.inria.fr\/fr\/wp-json\/wp\/v2\/pages"}],"about":[{"href":"https:\/\/archipel.inria.fr\/fr\/wp-json\/wp\/v2\/types\/page"}],"author":[{"embeddable":true,"href":"https:\/\/archipel.inria.fr\/fr\/wp-json\/wp\/v2\/users\/320"}],"replies":[{"embeddable":true,"href":"https:\/\/archipel.inria.fr\/fr\/wp-json\/wp\/v2\/comments?post=107"}],"version-history":[{"count":9,"href":"https:\/\/archipel.inria.fr\/fr\/wp-json\/wp\/v2\/pages\/107\/revisions"}],"predecessor-version":[{"id":1369,"href":"https:\/\/archipel.inria.fr\/fr\/wp-json\/wp\/v2\/pages\/107\/revisions\/1369"}],"wp:attachment":[{"href":"https:\/\/archipel.inria.fr\/fr\/wp-json\/wp\/v2\/media?parent=107"}],"curies":[{"name":"wp","href":"https:\/\/api.w.org\/{rel}","templated":true}]}}