

{"id":16,"date":"2021-03-09T17:10:53","date_gmt":"2021-03-09T16:10:53","guid":{"rendered":"http:\/\/make-wp.inrialpes.fr\/wordpress\/oasis\/?page_id=16"},"modified":"2024-11-27T15:57:56","modified_gmt":"2024-11-27T14:57:56","slug":"mentions-legales","status":"publish","type":"page","link":"https:\/\/archipel.inria.fr\/fr\/mentions-legales\/","title":{"rendered":"Mentions l\u00e9gales"},"content":{"rendered":"<h1 class=\"wp-block-heading\">Mentions l\u00e9gales<\/h1>\n\n\n\n<h2 class=\"wp-block-heading\" id=\"a0\">Informations l\u00e9gales<\/h2>\n\n\n\n<p>Inria Domaine de Voluceau Rocquencourt &#8211; B.P. 105 78153 Le Chesnay Cedex &#8211; France T\u00e9l\u00e9phone: +33 1 39 63 55 11<\/p>\n\n\n\n<ul class=\"wp-block-list\"><li><strong>Directeur de publication<\/strong> : <a href=\"https:\/\/www.inria.fr\/node\/26\">Bruno Sportisse<\/a>, Pr\u00e9sident-directeur g\u00e9n\u00e9ral d&rsquo;Inria<\/li><li><strong>R\u00e9dacteur en chef :<\/strong>&nbsp;<a href=\"https:\/\/www.inria.fr\/fr\/laurent-stencel\">Laurent Stencel<\/a>, directeur de la communication d&rsquo;Inria&nbsp;<\/li><li><strong>Concepteurs :<\/strong> agence Bzzz avec Ad\u00e8le Montanvert, Arthur Ferrod, Bamby Fall, Quentin Grillet et Yann Quillard<\/li><li><strong>H\u00e9bergeur :<\/strong> Direction des syst\u00e8mes d&rsquo;information d&rsquo;Inria<\/li><\/ul>\n\n\n\n<h2 class=\"wp-block-heading\" id=\"a1\">Protection des donn\u00e9es \u00e0 caract\u00e8re personnel (RGPD)<\/h2>\n\n\n\n<p>Inria est engag\u00e9 dans une d\u00e9marche de protection des donn\u00e9es \u00e0 caract\u00e8re personnel qu&rsquo;il traite. Pour plus d&rsquo;informations, veuillez consulter notre mention d&rsquo;information sur la <a href=\"https:\/\/www.inria.fr\/node\/106\">protection des donn\u00e9es personnelles<\/a>.<\/p>\n\n\n\n<h2 class=\"wp-block-heading\" id=\"a2\">Contenu du site<\/h2>\n\n\n\n<p>Inria s&rsquo;efforce d&rsquo;assurer au mieux de ses possibilit\u00e9s, l&rsquo;exactitude et la mise \u00e0 jour des informations diffus\u00e9es, au moment de leur mise en ligne sur le site. Cependant, Inria ne garantit en aucune fa\u00e7on l&rsquo;exactitude, la pr\u00e9cision ou l&rsquo;exhaustivit\u00e9 des informations mises \u00e0 disposition sur le site. Les informations pr\u00e9sentes sur le site sont non-contractuelles et peuvent \u00eatre modifi\u00e9es \u00e0 tout moment.<\/p>\n\n\n\n<h2 class=\"wp-block-heading\" id=\"a3\">Propri\u00e9t\u00e9 intellectuelle<\/h2>\n\n\n\n<p>Les contenus, les textes, y compris les communiqu\u00e9s de presse, les vid\u00e9os, les images et les animations qui apparaissent ou sont disponibles sur le site, sont prot\u00e9g\u00e9s par le droit de la propri\u00e9t\u00e9 intellectuelle. \u00c0 ce titre, vous vous engagez \u00e0 ne pas copier, traduire, reproduire, vendre, publier, exploiter et diffuser des contenus du site prot\u00e9g\u00e9s par le droit de la propri\u00e9t\u00e9 intellectuelle, sans autorisation pr\u00e9alable et \u00e9crite d&rsquo;Inria.<\/p>\n\n\n\n<p>Les marques et les logos pr\u00e9sents sur le site sont, sauf cas particulier, la propri\u00e9t\u00e9 d&rsquo;Inria. Sauf autorisation pr\u00e9alable et \u00e9crite, l&rsquo;internaute s&rsquo;interdit de les utiliser.<\/p>","protected":false},"excerpt":{"rendered":"<p>Mentions l\u00e9gales Informations l\u00e9gales Inria Domaine de Voluceau Rocquencourt &#8211; B.P. 105 78153 Le Chesnay Cedex &#8211; France T\u00e9l\u00e9phone: +33 1 39 63 55 11 Directeur de publication : Bruno Sportisse, Pr\u00e9sident-directeur g\u00e9n\u00e9ral d&rsquo;Inria R\u00e9dacteur en chef :&nbsp;Laurent Stencel, directeur de la communication d&rsquo;Inria&nbsp; Concepteurs : agence Bzzz avec Ad\u00e8le\u2026<\/p>\n<p> <a class=\"continue-reading-link\" href=\"https:\/\/archipel.inria.fr\/fr\/mentions-legales\/\"><span>Continue reading<\/span><i class=\"crycon-right-dir\"><\/i><\/a> <\/p>\n","protected":false},"author":320,"featured_media":0,"parent":0,"menu_order":0,"comment_status":"closed","ping_status":"closed","template":"","meta":{"footnotes":""},"class_list":["post-16","page","type-page","status-publish","hentry"],"_links":{"self":[{"href":"https:\/\/archipel.inria.fr\/fr\/wp-json\/wp\/v2\/pages\/16","targetHints":{"allow":["GET"]}}],"collection":[{"href":"https:\/\/archipel.inria.fr\/fr\/wp-json\/wp\/v2\/pages"}],"about":[{"href":"https:\/\/archipel.inria.fr\/fr\/wp-json\/wp\/v2\/types\/page"}],"author":[{"embeddable":true,"href":"https:\/\/archipel.inria.fr\/fr\/wp-json\/wp\/v2\/users\/320"}],"replies":[{"embeddable":true,"href":"https:\/\/archipel.inria.fr\/fr\/wp-json\/wp\/v2\/comments?post=16"}],"version-history":[{"count":1,"href":"https:\/\/archipel.inria.fr\/fr\/wp-json\/wp\/v2\/pages\/16\/revisions"}],"predecessor-version":[{"id":1375,"href":"https:\/\/archipel.inria.fr\/fr\/wp-json\/wp\/v2\/pages\/16\/revisions\/1375"}],"wp:attachment":[{"href":"https:\/\/archipel.inria.fr\/fr\/wp-json\/wp\/v2\/media?parent=16"}],"curies":[{"name":"wp","href":"https:\/\/api.w.org\/{rel}","templated":true}]}}