

{"id":451,"date":"2022-04-14T17:10:14","date_gmt":"2022-04-14T15:10:14","guid":{"rendered":"http:\/\/make-wp.inrialpes.fr\/wordpress\/archipel\/?page_id=451"},"modified":"2024-11-27T11:48:13","modified_gmt":"2024-11-27T10:48:13","slug":"atelier-wargame","status":"publish","type":"page","link":"https:\/\/archipel.inria.fr\/fr\/programme-2022\/atelier-wargame\/","title":{"rendered":"Atelier Wargame"},"content":{"rendered":"<h1 class=\"has-text-color wp-block-heading\" style=\"color:#62c4dd\">Atelier Wargame <\/h1>\n\n\n\n<p><strong>Auteur :<\/strong> Thibault Fouillet, Charg\u00e9 de recherche \u00e0 la <a href=\"https:\/\/frstrategie.org\/frs\/presentation\">Fondation pour la Recherche Strat\u00e9gique<\/a>, o\u00f9 il est&nbsp;responsable des p\u00f4les \u00ab\u00a0Arm\u00e9e de Terre\u00a0\u00bb et \u00ab\u00a0Simulation &amp; Wargaming\u00a0\u00bb.<\/p>\n\n\n\n<p><strong>Date :<\/strong> lundi 20 juin de 9h \u00e0 12h et de 14h \u00e0 17h30 avec 2 pauses de 30 minutes.<\/p>\n\n\n\n<div class=\"wp-block-media-text alignwide has-media-on-the-right is-stacked-on-mobile\"><figure class=\"wp-block-media-text__media\"><img decoding=\"async\" src=\"http:\/\/make-wp.inrialpes.fr\/wordpress\/archipel\/wp-content\/uploads\/sites\/3\/2022\/04\/FondationPourLaRechercheStrategique-1.jpg\" alt=\"\" class=\"wp-image-454 size-full\"\/><\/figure><div class=\"wp-block-media-text__content\">\n<p style=\"font-size:19px\">Atelier d\u2019une dur\u00e9e d\u2019une journ\u00e9e, avec deux wargames de 3 heures (un par demi-journ\u00e9e : 2h30 de jeu et 30 min de battement).<\/p>\n\n\n\n<p>Le contenu des wargames est centr\u00e9 sur la r\u00e9flexion des participants avec des m\u00e9caniques de jeu simples pour une initiation et une acculturation des joueurs \u00e0 l\u2019utilisation de cette m\u00e9thode prospective.<\/p>\n<\/div><\/div>\n\n\n\n<p>Deux sujets diff\u00e9rents sont choisis pour varier les exp\u00e9riences des joueurs et \u00e9viter des redites en cas de participant r\u00e9alisant les deux activit\u00e9s (ce qui n\u2019est pas souhait\u00e9 au d\u00e9part mais qui est tout de m\u00eame \u00e0 prendre en compte). Toutefois, les deux wargames suivront la m\u00eame typologie de simulation, \u00e0 savoir un <em>matrix game<\/em> dont les caract\u00e9ristiques sont expliqu\u00e9es dans les parties suivantes, et porteront sur des risques syst\u00e9miques pour correspondra \u00e0 la th\u00e9matique de l\u2019\u00e9v\u00e8nement (conflits g\u00e9opolitiques d\u2019un c\u00f4t\u00e9, crise \u00e9nerg\u00e9tique de l\u2019autre).<\/p>\n\n\n\n<p>Le panel de joueurs est limit\u00e9 \u00e0 trente participants par wargame, et sera encadr\u00e9 par deux juges <em>a minima<\/em> (le cr\u00e9ateur de l\u2019atelier et une personne mise \u00e0 disposition par l\u2019organisation de l\u2019\u00e9v\u00e8nement). En cas de d\u00e9fections de derni\u00e8re minute les groupes seront modifi\u00e9s sans probl\u00e8me pour garder une homog\u00e9n\u00e9it\u00e9.<\/p>\n\n\n\n<p>\u00c0 lire :<\/p>\n\n\n\n<ul class=\"wp-block-list\"><li><a href=\"https:\/\/archipel.inria.fr\/files\/2024\/11\/Wargaming.pdf\" data-type=\"URL\" data-id=\"https:\/\/archipel.inria.fr\/files\/2024\/11\/Wargaming.pdf\">Le wargaming comme m\u00e9thodologie d&rsquo;exp\u00e9rimentation des risques syst\u00e9miques<\/a><\/li><li><a href=\"https:\/\/archipel.inria.fr\/files\/2024\/11\/Wargame_1_Geopolitique_en_mer_de_Chine.pdf\">Livret du wargame n\u00b01 : G\u00e9opolitique en mer de Chine<\/a><\/li><li><a href=\"https:\/\/archipel.inria.fr\/files\/2024\/11\/Wargame_2_Crise_mondiale_de_l_energie_et_politique_francaise.pdf\">Livret du wargame n\u00b02 : Crise mondiale de l\u2019\u00e9nergie et politique fran\u00e7aise<\/a><\/li><\/ul>\n\n\n\n<p>Thibault Fouillet est sp\u00e9cialiste des questions op\u00e9rationnelles a\u00e9roterrestres en particulier du d\u00e9veloppement du combat collaboratif et des doctrines terrestres des grandes puissances, il est \u00e9galement expert du wargaming et son usage dans la recherche. Dipl\u00f4m\u00e9 en droit et sciences politiques, puis de l\u2019\u00e9cole sp\u00e9ciale militaire de Saint-Cyr (officier sous contrat encadrement) Thibault Fouillet est \u00e9galement titulaire d\u2019un master en relations internationales s\u00e9curit\u00e9 et d\u00e9fense, et poursuit actuellement un doctorat en histoire militaire \u00e0 l&rsquo;universit\u00e9 du Luxembourg (portant sur les objets de Grande Strat\u00e9gie et de Dilemme de S\u00e9curit\u00e9 en particulier dans leur application \u00e0 l\u2019\u00e9tude des petites puissances).<\/p>","protected":false},"excerpt":{"rendered":"<p>Atelier Wargame Auteur : Thibault Fouillet, Charg\u00e9 de recherche \u00e0 la Fondation pour la Recherche Strat\u00e9gique, o\u00f9 il est&nbsp;responsable des p\u00f4les \u00ab\u00a0Arm\u00e9e de Terre\u00a0\u00bb et \u00ab\u00a0Simulation &amp; Wargaming\u00a0\u00bb. Date : lundi 20 juin de 9h \u00e0 12h et de 14h \u00e0 17h30 avec 2 pauses de 30 minutes. Atelier d\u2019une\u2026<\/p>\n<p> <a class=\"continue-reading-link\" href=\"https:\/\/archipel.inria.fr\/fr\/programme-2022\/atelier-wargame\/\"><span>Continue reading<\/span><i class=\"crycon-right-dir\"><\/i><\/a> <\/p>\n","protected":false},"author":320,"featured_media":0,"parent":351,"menu_order":0,"comment_status":"closed","ping_status":"closed","template":"","meta":{"footnotes":""},"class_list":["post-451","page","type-page","status-publish","hentry"],"_links":{"self":[{"href":"https:\/\/archipel.inria.fr\/fr\/wp-json\/wp\/v2\/pages\/451","targetHints":{"allow":["GET"]}}],"collection":[{"href":"https:\/\/archipel.inria.fr\/fr\/wp-json\/wp\/v2\/pages"}],"about":[{"href":"https:\/\/archipel.inria.fr\/fr\/wp-json\/wp\/v2\/types\/page"}],"author":[{"embeddable":true,"href":"https:\/\/archipel.inria.fr\/fr\/wp-json\/wp\/v2\/users\/320"}],"replies":[{"embeddable":true,"href":"https:\/\/archipel.inria.fr\/fr\/wp-json\/wp\/v2\/comments?post=451"}],"version-history":[{"count":1,"href":"https:\/\/archipel.inria.fr\/fr\/wp-json\/wp\/v2\/pages\/451\/revisions"}],"predecessor-version":[{"id":1326,"href":"https:\/\/archipel.inria.fr\/fr\/wp-json\/wp\/v2\/pages\/451\/revisions\/1326"}],"up":[{"embeddable":true,"href":"https:\/\/archipel.inria.fr\/fr\/wp-json\/wp\/v2\/pages\/351"}],"wp:attachment":[{"href":"https:\/\/archipel.inria.fr\/fr\/wp-json\/wp\/v2\/media?parent=451"}],"curies":[{"name":"wp","href":"https:\/\/api.w.org\/{rel}","templated":true}]}}