

{"id":65,"date":"2021-03-09T16:10:03","date_gmt":"2021-03-09T15:10:03","guid":{"rendered":"http:\/\/make-wp.inrialpes.fr\/wordpress\/oasis\/?page_id=5"},"modified":"2025-10-10T17:50:42","modified_gmt":"2025-10-10T15:50:42","slug":"accueil","status":"publish","type":"page","link":"https:\/\/archipel.inria.fr\/fr\/","title":{"rendered":"Communaut\u00e9 Archipel"},"content":{"rendered":"<h2 class=\"wp-block-heading has-text-color\" style=\"color:#62c4dd\">Actu! Prochains \u00e9v\u00e8nements programm\u00e9s : <\/h2>\n\n\n\n<ul class=\"wp-block-list\">\n<li><strong><a href=\"https:\/\/archipel.scenari-community.org\/\">Conf\u00e9rence Archipel 2026<\/a> : <mark style=\"background-color:rgba(0, 0, 0, 0)\" class=\"has-inline-color has-vivid-cyan-blue-color\">6-9 juillet 2026<\/mark> \u00e0 Compi\u00e8gne : l&rsquo;<a href=\"https:\/\/archipel.inria.fr\/fr\/francais-appel-a-communication-pour-archipel-2026\/\">appel \u00e0 communication<\/a> est sorti !<\/strong><\/li>\n<\/ul>\n\n\n\n<h2 class=\"wp-block-heading has-text-color\" id=\"conference-scientifique-20-23-juin-2022-grenoble\" style=\"color:#62c4dd\">Pr\u00e9sentation<\/h2>\n\n\n\n<p><strong>Archipel<\/strong> est une communaut\u00e9 de recherche francophone transdisciplinaire sur les enjeux de l&rsquo;Anthropoc\u00e8ne (limites plan\u00e9taires, risques syst\u00e9miques, leviers d&rsquo;action).<\/p>\n\n\n\n<p>Dans le cadre des d\u00e9gradations globales actuelles, qu\u2019elles soient environnementales, \u00e9cosyst\u00e9miques, climatiques, sociales ou politiques, nos soci\u00e9t\u00e9s humaines se trouvent confront\u00e9es \u00e0 des enjeux toujours plus pressants, constituant ce qu\u2019on appelle maintenant commun\u00e9ment la transition de l\u2019Anthropoc\u00e8ne. Ces grands changements, s\u2019ils se mat\u00e9rialisent pleinement, engagent nos soci\u00e9t\u00e9s vers des trajectoires de transitions brutales et de potentiels effondrements \u00e0 des \u00e9chelles vari\u00e9es.<\/p>\n\n\n\n<p>Dans ce contexte, de multiples recherches sont indispensables et trois axes m\u00e9ritent d\u2019\u00eatre plus particuli\u00e8rement encourag\u00e9s :<\/p>\n\n\n\n<ul class=\"wp-block-list\">\n<li>Sur les dangers structurels \u00e0 long terme qui sont dus \u00e0 la transgression des limites biophysiques de la plan\u00e8te et son impact sur la vie quotidienne des populations.<\/li>\n\n\n\n<li>Sur l\u2019interconnexion des r\u00e9seaux structurels de notre soci\u00e9t\u00e9, leur complexit\u00e9, et l\u2019hyper-sp\u00e9cialisation de leurs composants qui peuvent propager au niveau global le moindre choc local ou sectoriel. Ce deuxi\u00e8me aspect n\u00e9cessite une transdisciplinarit\u00e9, inhabituelle dans les pratiques actuelles de recherches.<\/li>\n\n\n\n<li>Sur les changements sociaux, \u00e9conomiques et politiques et la mani\u00e8re dont ils peuvent faire varier les trajectoires. Ce troisi\u00e8me aspect n\u00e9cessite d\u2019int\u00e9grer la politique puisqu\u2019elle fait partie des variables du champ d\u2019\u00e9tude.<\/li>\n<\/ul>\n\n\n\n<p>Une <strong><a href=\".\/charte\/\">charte<\/a><\/strong>, \u00e9labor\u00e9e collectivement et vot\u00e9e en assembl\u00e9e au printemps 2023, pr\u00e9sente les objectifs et les valeurs revendiqu\u00e9s par la communaut\u00e9.<\/p>\n\n\n\n<h2 class=\"wp-block-heading has-text-color\" id=\"conference-scientifique-20-23-juin-2022-grenoble\" style=\"color:#62c4dd\">Conf\u00e9rences scientifiques<\/h2>\n\n\n\n<p>La Communaut\u00e9 Archipel organise annuellement des conf\u00e9rences et rencontres qui constituent des moments de rencontres, d&rsquo;\u00e9changes et de travail collectif essentiels. <\/p>\n\n\n\n<ul class=\"wp-block-list\">\n<li>Conf\u00e9rence Archipel 2026 : juin\/juillet 2026 \u00e0 Compi\u00e8gne<\/li>\n\n\n\n<li>Rencontres Atoll 2025 : 4-5 juin 2025 \u00e0 Lyon<\/li>\n\n\n\n<li><a href=\"https:\/\/archipel.conf.citi-lab.fr\">Conf\u00e9rence Archipel 2024<\/a> : 15-18 avril 2024 \u00e0 Lyon [<a href=\"https:\/\/archipel.conf.citi-lab.fr\/index.php\/programme\/\">Programme<\/a>, <a href=\"https:\/\/archipel.conf.citi-lab.fr\/index.php\/appel-a-communications\/\">Appel \u00e0 Communications<\/a>]<\/li>\n\n\n\n<li><a href=\".\/organisation-2023\/\">Rencontres Atoll 2023<\/a> (Atoll 2023) : 27-28 juin 2023 \u00e0 Lyon [<a href=\".\/programme-2023\/\">Programme<\/a>]<\/li>\n\n\n\n<li><a href=\".\/ancien-accueil\/\">Conf\u00e9rence Archipel 2022<\/a> : 20-23 Juin 2022 \u00e0 Grenoble [<a href=\".\/programme-2022\/\">Programme<\/a><a href=\"https:\/\/archipel.inria.fr\/actes-2022\/\">,<\/a> <a href=\".\/actes-2022\/\">Actes<\/a>, <a href=\".\/podcasts-et-videos-2022\/\">Vid\u00e9os<\/a>]<\/li>\n<\/ul>\n\n\n\n<h2 class=\"wp-block-heading has-text-color\" style=\"color:#62c4dd\">Groupes de travail<\/h2>\n\n\n\n<p>Les <a href=\"https:\/\/archipel.inria.fr\/groupes-de-travail\/\" data-type=\"page\" data-id=\"804\">Groupes de Travail Archipel<\/a> sont publics ; ils offrent un cadre de travail collectif tr\u00e8s libre. Ils peuvent avoir diff\u00e9rents objectifs et modes de fonctionnement :  ils peuvent par exemple correspondre \u00e0 des projets de recherche-action ; ils peuvent \u00eatre des lieux de discussion f\u00e9d\u00e9rant un r\u00e9seau de personnes int\u00e9ress\u00e9es par un sujet sp\u00e9cifique. Ils peuvent aussi jouer un r\u00f4le \u00ab&nbsp;fonctionnel&nbsp;\u00bb dans la vie de la communaut\u00e9.&nbsp; Les groupes de travail sont des objets dynamiques. Vous pouvez vous y <a href=\"http:\/\/Groupes-de-travail-actif\" data-type=\"URL\" data-id=\"Groupes-de-travail-actif\">inscrire<\/a> librement.<\/p>\n\n\n\n<h2 class=\"wp-block-heading has-text-color\" style=\"color:#62c4dd\">Infolettre<\/h2>\n\n\n\n<p>Une <a href=\"https:\/\/sympa.inria.fr\/sympa\/info\/archipel\">infolettre<\/a> est envoy\u00e9e par courriel \u00e0 tous les membres de la communaut\u00e9 Archipel. Vous pouvez vous y <a href=\"https:\/\/sympa.inria.fr\/sympa\/subscribe\/archipel\">inscrire<\/a>.<\/p>\n\n\n\n<p>Envoyez \u00e0 <a href=\"mailto:infolettre-archipel@inria.fr\">infolettre-archipel@inria.fr<\/a> les annonces que vous souhaitez poster sur la liste. Les cat\u00e9gories retenues sont les suivantes :<\/p>\n\n\n\n<ul class=\"wp-block-list\">\n<li>[Job] postes acad\u00e9miques, CDD, CDI;<\/li>\n\n\n\n<li>[\u00c9v\u00e9nement] \u00e9v\u00e9nements (s\u00e9minaires, soutenances de th\u00e8se, HDR);<\/li>\n\n\n\n<li>[Appel] Appels \u00e0 soumission aux conf\u00e9rences et revues; <\/li>\n\n\n\n<li>[Publication] publication d&rsquo;ouvrages et de revues;<\/li>\n\n\n\n<li>[Partenariat] recherche de partenariats pour des projets en cours de montage<\/li>\n<\/ul>","protected":false},"excerpt":{"rendered":"<p>Actu! Prochains \u00e9v\u00e8nements programm\u00e9s : Pr\u00e9sentation Archipel est une communaut\u00e9 de recherche francophone transdisciplinaire sur les enjeux de l&rsquo;Anthropoc\u00e8ne (limites plan\u00e9taires, risques syst\u00e9miques, leviers d&rsquo;action). Dans le cadre des d\u00e9gradations globales actuelles, qu\u2019elles soient environnementales, \u00e9cosyst\u00e9miques, climatiques, sociales ou politiques, nos soci\u00e9t\u00e9s humaines se trouvent confront\u00e9es \u00e0 des enjeux toujours\u2026<\/p>\n<p> <a class=\"continue-reading-link\" href=\"https:\/\/archipel.inria.fr\/fr\/\"><span>Continue reading<\/span><i class=\"crycon-right-dir\"><\/i><\/a> <\/p>\n","protected":false},"author":320,"featured_media":0,"parent":0,"menu_order":0,"comment_status":"closed","ping_status":"closed","template":"","meta":{"footnotes":""},"class_list":["post-65","page","type-page","status-publish","hentry"],"_links":{"self":[{"href":"https:\/\/archipel.inria.fr\/fr\/wp-json\/wp\/v2\/pages\/65","targetHints":{"allow":["GET"]}}],"collection":[{"href":"https:\/\/archipel.inria.fr\/fr\/wp-json\/wp\/v2\/pages"}],"about":[{"href":"https:\/\/archipel.inria.fr\/fr\/wp-json\/wp\/v2\/types\/page"}],"author":[{"embeddable":true,"href":"https:\/\/archipel.inria.fr\/fr\/wp-json\/wp\/v2\/users\/320"}],"replies":[{"embeddable":true,"href":"https:\/\/archipel.inria.fr\/fr\/wp-json\/wp\/v2\/comments?post=65"}],"version-history":[{"count":23,"href":"https:\/\/archipel.inria.fr\/fr\/wp-json\/wp\/v2\/pages\/65\/revisions"}],"predecessor-version":[{"id":1682,"href":"https:\/\/archipel.inria.fr\/fr\/wp-json\/wp\/v2\/pages\/65\/revisions\/1682"}],"wp:attachment":[{"href":"https:\/\/archipel.inria.fr\/fr\/wp-json\/wp\/v2\/media?parent=65"}],"curies":[{"name":"wp","href":"https:\/\/api.w.org\/{rel}","templated":true}]}}