

{"id":804,"date":"2022-07-06T20:09:18","date_gmt":"2022-07-06T18:09:18","guid":{"rendered":"http:\/\/make-wp.inrialpes.fr\/wordpress\/archipel\/?page_id=804"},"modified":"2025-05-06T18:08:20","modified_gmt":"2025-05-06T16:08:20","slug":"groupes-de-travail","status":"publish","type":"page","link":"https:\/\/archipel.inria.fr\/fr\/groupes-de-travail\/","title":{"rendered":"Groupes de travail"},"content":{"rendered":"<h1 class=\"has-text-color wp-block-heading\" style=\"color:#62c4dd\">Groupes de travail<\/h1>\n\n\n\n<p>Les Groupes de Travail (GT) Archipel sont publics (i.e. \u00ab&nbsp;ouverts&nbsp;\u00bb \u00e0 tous les membres de la communaut\u00e9)&nbsp;; ils offrent un cadre de travail collectif assez libre. Par exemple, un GT peut correspondre \u00e0 un projet de recherche-action mettant en place un projet transformatif ; un GT peut aussi f\u00e9d\u00e9rer un r\u00e9seau de personnes int\u00e9ress\u00e9es par un sujet sp\u00e9cifique&nbsp;; Il peut aussi jouer un r\u00f4le \u00ab&nbsp;fonctionnel&nbsp;\u00bb dans la communaut\u00e9 (c.f. GT \u00ab&nbsp;<a href=\"https:\/\/archipel.inria.fr\/groupes-de-travail\/groupe-de-travail-charte\/\" data-type=\"page\" data-id=\"852\">Charte&nbsp;<\/a>\u00bb).&nbsp;Les groupes de travail sont des objets dynamiques&nbsp;; ils naissent, vivent puis peuvent fermer. Il est possible de demander la cr\u00e9ation d\u2019un nouveau groupe s\u2019il f\u00e9d\u00e8re un groupe de participants actifs. Les GT sont anim\u00e9s par des \u00ab coordinateurs \u00bb. Ils doivent respecter de la charte Archipel.<\/p>\n\n\n\n<h1 class=\"wp-block-heading has-text-color\" id=\"Groupes-de-travail-actif\" style=\"color:#62c4dd\">Liste des Groupes de Travail actifs<\/h1>\n\n\n\n<ol class=\"wp-block-list\"><li><a href=\".\/groupe-de-travail-contre-modelisations\/\" data-type=\"URL\" data-id=\".\/groupe-de-travail-contre-modelisations\/\">Peut-on faire de la contre-(co-)mod\u00e9lisation pour argumenter et construire des narratifs diff\u00e9rents &amp; d\u00e9montrer leur faisabilit\u00e9 ?<\/a><ul><li>Coordination : <a href=\"http:\/\/mboissier.gitlab.io\/\">Mathilde Boissier<\/a> et <a href=\"https:\/\/g2elab.grenoble-inp.fr\/fr\/le-laboratoire\/hodencq-sacha\">Sacha Hodencq<\/a><\/li><\/ul><ul><li>Abonnement : <a rel=\"noreferrer noopener\" href=\"https:\/\/sympa.inria.fr\/sympa\/subscribe\/gt-archipel-contremodelisation\" target=\"_blank\">https:\/\/sympa.inria.fr\/sympa\/subscribe\/gt-archipel-contremodelisation<\/a><\/li><\/ul><\/li><li><a href=\"https:\/\/archipel.inria.fr\/francais-groupe-de-travail-recherche-formation-et-societe-civile\/\" data-type=\"page\" data-id=\"1463\">\u00ab\u00a0Recherche, formation et soci\u00e9t\u00e9 civile\u00a0\u00bb<\/a><ul><li>Coordination : \u00c9lodie Ren\u00e9 et Samuel Tron\u00e7on<\/li><li>Abonnement : <a rel=\"noreferrer noopener\" href=\"https:\/\/sympa.inria.fr\/sympa\/subscribe\/gt-archipel-contremodelisation\" target=\"_blank\"><\/a><a href=\"https:\/\/sympa.inria.fr\/sympa\/subscribe\/gt-archipel-recherche-formation-societe-civile\">https:\/\/sympa.inria.fr\/sympa\/subscribe\/gt-archipel-recherche-formation-societe-civile<\/a><\/li><\/ul><\/li><li><a href=\"https:\/\/archipel.inria.fr\/francais-groupe-de-travail-outils-structurants-usages-et-pratiques-pour-une-communaute-vivante\/\" data-type=\"page\" data-id=\"1415\">Outils structurants, usages et pratiques pour une communaut\u00e9 ARCHIPEL vivante<\/a><ul><li>Coordination : Serge Fenet et Anne-Laure Foug\u00e8res<\/li><\/ul><ul><li>Abonnement : <a href=\"https:\/\/sympa.inria.fr\/sympa\/subscribe\/gt-archipel-communaute-vivante\">https:\/\/sympa.inria.fr\/sympa\/subscribe\/gt-archipel-communaute-vivante<\/a><\/li><\/ul><\/li><li><a href=\"https:\/\/archipel.inria.fr\/groupes-de-travail\/francais-groupe-de-travail-bifurquer-a-partir-des-ingenieurs\/\" data-type=\"page\" data-id=\"1556\">Bifurquer \u00e0 partir des ing\u00e9nieurs<\/a><ul><li>Coordination : St\u00e9phane Crozat et Hugues Choplin<\/li><li>Abonnement : <a href=\"https:\/\/sympa.inria.fr\/sympa\/subscribe\/gt-archipel-bifurquer\">https:\/\/sympa.inria.fr\/sympa\/subscribe\/gt-archipel-bifurquer<\/a><\/li><\/ul><\/li><li><a href=\"https:\/\/archipel.inria.fr\/groupes-de-travail\/francais-groupe-de-travail-alimentation-sante-securite-sociale-et-territoire\/\" data-type=\"page\" data-id=\"1581\">Alimentation, S\u00e9curit\u00e9 sociale et territoire<\/a> <ul><li>Coordination : Jeanne Cadiou, Val\u00e9rie D&rsquo;Acremont, Jaoued Doudouh, Renaud M\u00e9t\u00e9reau, Myriam Mininno, Emmanuel Prados<\/li><li>Abonnement : <a href=\"https:\/\/sympa.inria.fr\/sympa\/subscribe\/gt-archipel-ssa\">https:\/\/sympa.inria.fr\/sympa\/subscribe\/gt-archipel-ssa<\/a> <\/li><\/ul><\/li><li><a href=\"https:\/\/archipel.inria.fr\/francais-groupe-de-travail-pour-en-finir-avec-leconomie\/\">Pour en finir avec l\u2019\u00c9conomie<\/a> <ul><li>Coordination : Jean-Michel Hup\u00e9 et Martine Olivi<\/li><li>Abonnement : <a rel=\"noreferrer noopener\" href=\"https:\/\/framateam.org\/economieastrologie\/\" target=\"_blank\">https:\/\/framateam.org\/economieastrologie\/<\/a><\/li><\/ul><\/li><li><a href=\"https:\/\/archipel.inria.fr\/francais-groupe-de-travail-manuel-dauto-defense-des-scientifiques-engages-mad\/\">Manuel d&rsquo;auto-d\u00e9fense des scientifiques engag\u00e9s<\/a><ul><li>Coordination : Ir\u00e9n\u00e9e Fr\u00e9rot et J\u00e9r\u00f4me Santolini<\/li><li>Abonnement : <a href=\"https:\/\/sympa.inria.fr\/sympa\/subscribe\/gt-archipel-mad\">https:\/\/sympa.inria.fr\/sympa\/subscribe\/gt-archipel-mad<\/a><\/li><\/ul><\/li><\/ol>\n\n\n\n<h1 class=\"has-text-color wp-block-heading\" style=\"color:#62c4dd\">Liste des anciens Groupes de Travail <\/h1>\n\n\n\n<ul class=\"wp-block-list\"><li><a href=\"https:\/\/archipel.inria.fr\/francais-groupe-de-travail-creation-dune-association-archipel\/\">Cr\u00e9ation d&rsquo;une association Archipel<\/a><\/li><li><a href=\"https:\/\/archipel.inria.fr\/groupes-de-travail\/groupe-de-travail-charte\/\" data-type=\"page\" data-id=\"852\">Projet de charte pour la communaut\u00e9 Archipel<\/a> (groupe de travail d\u00e9sormais auto-dissout : la <a href=\"http:\/\/make-wp.inrialpes.fr\/wordpress\/archipel\/charte\/\">charte Archipel<\/a> est d\u00e9sormais r\u00e9dig\u00e9e et valid\u00e9e par la communaut\u00e9)<\/li><li><a href=\"https:\/\/archipel.inria.fr\/groupes-de-travail\/\" data-type=\"page\" data-id=\"804\">Alternatives sociotechniques dans une perspective de transformation radicale<\/a><\/li><li><a href=\".\/groupe-de-travail-sur-la-neutralite-de-la-science\/\" data-type=\"URL\" data-id=\".\/groupe-de-travail-sur-la-neutralite-de-la-science\/\">Pourquoi les scientifiques devraient iels \u00eatre neutres ?<\/a><\/li><li><a href=\".\/groupe-de-travail-saad\/\" data-type=\"URL\" data-id=\".\/groupe-de-travail-saad\/\">Syst\u00e8mes agro-alimentaires durables<\/a><\/li><li><a href=\".\/groupe-de-travail-traditions\/\" data-type=\"URL\" data-id=\".\/groupe-de-travail-traditions\/\">C\u2019est quoi une science(\/connaissance\/mode de vie) qui int\u00e8gre les savoirs traditionnels ?<\/a><\/li><li>Les \u00e9chelles de la transition&nbsp;\u00e9cologique : m\u00e9thodes, d\u00e9fis, controverses <ul><li>Coordination : Jean-Yves Courtonne<\/li><\/ul><\/li><li>Quelles approches et outils participatifs \u201cpour tou.te.s\u201d pour aider \u00e0 partager les \u201cvrais\u201d enjeux et options des gens, et nous aider \u00e0 nous engager dans l\u2019apr\u00e8s ? <ul><li>Coordination : Nils Ferrand<\/li><\/ul><\/li><li>Raisonnement motiv\u00e9 <ul><li>Coordination : Rapha\u00ebl Grellet<\/li><\/ul><\/li><li>Comment avoir une soci\u00e9t\u00e9 plus heureuse avec ce qu\u2019elle a ? Quel est le niveau techno auquel on peut redescendre ? <ul><li>Coordination : Lionel Morel et Guillaume Salagnac<\/li><\/ul><\/li><\/ul>","protected":false},"excerpt":{"rendered":"<p>Groupes de travail Les Groupes de Travail (GT) Archipel sont publics (i.e. \u00ab&nbsp;ouverts&nbsp;\u00bb \u00e0 tous les membres de la communaut\u00e9)&nbsp;; ils offrent un cadre de travail collectif assez libre. Par exemple, un GT peut correspondre \u00e0 un projet de recherche-action mettant en place un projet transformatif ; un GT peut\u2026<\/p>\n<p> <a class=\"continue-reading-link\" href=\"https:\/\/archipel.inria.fr\/fr\/groupes-de-travail\/\"><span>Continue reading<\/span><i class=\"crycon-right-dir\"><\/i><\/a> <\/p>\n","protected":false},"author":320,"featured_media":0,"parent":0,"menu_order":0,"comment_status":"closed","ping_status":"closed","template":"","meta":{"footnotes":""},"class_list":["post-804","page","type-page","status-publish","hentry"],"_links":{"self":[{"href":"https:\/\/archipel.inria.fr\/fr\/wp-json\/wp\/v2\/pages\/804","targetHints":{"allow":["GET"]}}],"collection":[{"href":"https:\/\/archipel.inria.fr\/fr\/wp-json\/wp\/v2\/pages"}],"about":[{"href":"https:\/\/archipel.inria.fr\/fr\/wp-json\/wp\/v2\/types\/page"}],"author":[{"embeddable":true,"href":"https:\/\/archipel.inria.fr\/fr\/wp-json\/wp\/v2\/users\/320"}],"replies":[{"embeddable":true,"href":"https:\/\/archipel.inria.fr\/fr\/wp-json\/wp\/v2\/comments?post=804"}],"version-history":[{"count":33,"href":"https:\/\/archipel.inria.fr\/fr\/wp-json\/wp\/v2\/pages\/804\/revisions"}],"predecessor-version":[{"id":1587,"href":"https:\/\/archipel.inria.fr\/fr\/wp-json\/wp\/v2\/pages\/804\/revisions\/1587"}],"wp:attachment":[{"href":"https:\/\/archipel.inria.fr\/fr\/wp-json\/wp\/v2\/media?parent=804"}],"curies":[{"name":"wp","href":"https:\/\/api.w.org\/{rel}","templated":true}]}}