

{"id":817,"date":"2022-10-14T11:40:29","date_gmt":"2022-10-14T09:40:29","guid":{"rendered":"http:\/\/make-wp.inrialpes.fr\/wordpress\/archipel\/?page_id=817"},"modified":"2024-11-29T11:39:44","modified_gmt":"2024-11-29T10:39:44","slug":"ancien-accueil","status":"publish","type":"page","link":"https:\/\/archipel.inria.fr\/fr\/ancien-accueil\/","title":{"rendered":"Accueil et bilan Archipel 2022"},"content":{"rendered":"<h1 class=\"has-text-align-center wp-block-heading has-text-color\" id=\"archipel-2022risques-systemiques-trajectoires-et-leviers-d-action-transdisciplinaires\" style=\"color:#62c4dd\">Archipel 2022<br>Risques syst\u00e9miques, trajectoires et leviers d\u2019action transdisciplinaires<\/h1>\n\n\n\n<h2 class=\"wp-block-heading has-text-color\" id=\"conference-scientifique-20-23-juin-2022-grenoble\" style=\"color:#62c4dd\">Conf\u00e9rence scientifique &#8211; 20-23 Juin 2022, Grenoble <\/h2>\n\n\n\n<p id=\"conference-scientifique-20-23-juin-2022-grenoble\"><strong>Lieu<\/strong> : Maison de la Cr\u00e9ation et de l&rsquo;Innovation, 339 avenue Centrale, 38400 Saint-Martin d&rsquo;H\u00e8res<\/p>\n\n\n\n<hr class=\"wp-block-separator has-alpha-channel-opacity\"\/>\n\n\n\n<p>Cette conf\u00e9rence a \u00e9t\u00e9 la premi\u00e8re conf\u00e9rence Archipel. Elle a eu lieu \u00e0 Grenoble du 20 au 23 juin <strong>2022<\/strong>. Regroup\u00e9s autour de 7 symposiums et de 9 ateliers participatifs, pr\u00e8s de 200 participant.e.s se sont d\u00e9couverts, ont discut\u00e9, d\u00e9battu, et se sont attel\u00e9.e.s \u00e0 cr\u00e9er et mettre en place cette communaut\u00e9 scientifique transdisciplinaire fran\u00e7aise sur les sciences de la soutenabilit\u00e9. <a href=\".\/programme-2022\/\" data-type=\"URL\" data-id=\".\/programme-2022\/\">Le programme de cette premi\u00e8re \u00e9dition<\/a>, ainsi que les <a href=\".\/podcasts-et-videos-2022\/\" data-type=\"URL\" data-id=\".\/podcasts-et-videos-2022\/\">vid\u00e9os et podcasts<\/a> des symposiums sont accessibles en ligne. Suite \u00e0 cette premi\u00e8re conf\u00e9rence, plusieurs <a href=\".\/groupes-de-travail\/\" data-type=\"URL\" data-id=\".\/groupes-de-travail\/\">groupes de travail<\/a> se sont auto-constitu\u00e9s et se sont retrouv\u00e9s les 27 et 28 juin 2023 \u00e0 Lyon pour des \u00ab&nbsp;<a href=\".\/programme-2023\/\" data-type=\"URL\" data-id=\".\/programme-2023\/\">rencontres Archipel 2023&nbsp;\u00bb<\/a>. <\/p>\n\n\n\n<hr class=\"wp-block-separator has-alpha-channel-opacity\"\/>\n\n\n\n<p>Dans le cadre des d\u00e9gradations globales actuelles, qu\u2019elles soient environnementales, \u00e9cosyst\u00e9miques, climatiques, sociales ou politiques, nos soci\u00e9t\u00e9s humaines se trouvent confront\u00e9es \u00e0 des enjeux toujours plus pressants, constituant ce qu\u2019on appelle maintenant commun\u00e9ment la transition de l\u2019Anthropoc\u00e8ne. Ces grands changements, s\u2019ils se mat\u00e9rialisent pleinement, engagent nos soci\u00e9t\u00e9s vers des trajectoires de transitions brutales et de potentiels effondrements \u00e0 des \u00e9chelles vari\u00e9es.<\/p>\n\n\n\n<p>Dans ce contexte, de multiples recherches sont indispensables et trois axes m\u00e9ritent d\u2019\u00eatre plus particuli\u00e8rement encourag\u00e9s :<\/p>\n\n\n\n<ul class=\"wp-block-list\"><li>Sur les dangers structurels \u00e0 long terme qui sont dus \u00e0 la transgression des limites biophysiques de la plan\u00e8te et son impact sur la vie quotidienne des populations.<\/li><li>Sur l\u2019interconnexion des r\u00e9seaux structurels de notre soci\u00e9t\u00e9, leur complexit\u00e9, et l\u2019hyper-sp\u00e9cialisation de leurs composants qui peuvent propager au niveau global le moindre choc local ou sectoriel. Ce deuxi\u00e8me aspect n\u00e9cessite une transdisciplinarit\u00e9, inhabituelle dans nos pratiques de recherches.<\/li><li>Sur les changements sociaux et politiques et la mani\u00e8re dont ils peuvent faire varier les trajectoires. Ce troisi\u00e8me aspect n\u00e9cessite d\u2019int\u00e9grer la politique puisqu\u2019elle fait partie des variables du champ d\u2019\u00e9tude.<\/li><\/ul>\n\n\n\n<p>Les risques syst\u00e9miques, leurs causes et cons\u00e9quences, restent encore mal \u00e9valu\u00e9s, peu compris, et encore moins maitris\u00e9s. Le contexte actuel d\u2019organisation de la recherche en est en partie responsable car il n\u2019est pas propice \u00e0 l\u2019\u00e9mergence de questionnements syst\u00e9miques. Nous proposons donc de former une communaut\u00e9 scientifique \u00e9tablie et se concentrant sur ces questions. Nombre d\u2019entre vous l\u2019appellent depuis plusieurs ann\u00e9es.<\/p>\n\n\n\n<p>La conf\u00e9rence <strong>Archipel 2022 \u201cRisques syst\u00e9miques, trajectoires et leviers d\u2019action\u201d<\/strong> est un premier pas. Son but est de constituer un collectif scientifique transdisciplinaire permettant de faire \u00e9merger les questionnements, les points saillants, le cadre de pens\u00e9e, les m\u00e9thodes et les outils permettant de traiter des risques syst\u00e9miques, et plus globalement des futurs de nos soci\u00e9t\u00e9s. L\u2019objectif de cette conf\u00e9rence est d\u2019amorcer un travail collaboratif visant \u00e0 :<\/p>\n\n\n\n<ul class=\"wp-block-list\"><li>rassembler <strong>une communaut\u00e9<\/strong> de scientifiques d\u2019origines diverses, et adoptant des approches <strong>syst\u00e9miques<\/strong> partag\u00e9es sur les enjeux globaux ;<\/li><li><strong>co-construire<\/strong> et consolider des cadres de pens\u00e9e, des connaissances et des m\u00e9thodologies sur les risques syst\u00e9miques globaux, leur \u00e9valuation, et leur mitigation ;<\/li><li>faire avancer concr\u00e8tement la <strong>production et la diffusion du savoir<\/strong>.<\/li><\/ul>\n\n\n\n<p>L&rsquo;inscription \u00e0 la conf\u00e9rence <strong>Archipel 2022<\/strong> a \u00e9t\u00e9 ouverte \u00e0 tout le monde. Elle \u00e9tait obligatoire pour toute personne participant et ayant une soumission accept\u00e9e.<\/p>","protected":false},"excerpt":{"rendered":"<p>Archipel 2022Risques syst\u00e9miques, trajectoires et leviers d\u2019action transdisciplinaires Conf\u00e9rence scientifique &#8211; 20-23 Juin 2022, Grenoble Lieu : Maison de la Cr\u00e9ation et de l&rsquo;Innovation, 339 avenue Centrale, 38400 Saint-Martin d&rsquo;H\u00e8res Cette conf\u00e9rence a \u00e9t\u00e9 la premi\u00e8re conf\u00e9rence Archipel. Elle a eu lieu \u00e0 Grenoble du 20 au 23 juin 2022.\u2026<\/p>\n<p> <a class=\"continue-reading-link\" href=\"https:\/\/archipel.inria.fr\/fr\/ancien-accueil\/\"><span>Continue reading<\/span><i class=\"crycon-right-dir\"><\/i><\/a> <\/p>\n","protected":false},"author":320,"featured_media":0,"parent":0,"menu_order":0,"comment_status":"closed","ping_status":"closed","template":"","meta":{"footnotes":""},"class_list":["post-817","page","type-page","status-publish","hentry"],"_links":{"self":[{"href":"https:\/\/archipel.inria.fr\/fr\/wp-json\/wp\/v2\/pages\/817","targetHints":{"allow":["GET"]}}],"collection":[{"href":"https:\/\/archipel.inria.fr\/fr\/wp-json\/wp\/v2\/pages"}],"about":[{"href":"https:\/\/archipel.inria.fr\/fr\/wp-json\/wp\/v2\/types\/page"}],"author":[{"embeddable":true,"href":"https:\/\/archipel.inria.fr\/fr\/wp-json\/wp\/v2\/users\/320"}],"replies":[{"embeddable":true,"href":"https:\/\/archipel.inria.fr\/fr\/wp-json\/wp\/v2\/comments?post=817"}],"version-history":[{"count":5,"href":"https:\/\/archipel.inria.fr\/fr\/wp-json\/wp\/v2\/pages\/817\/revisions"}],"predecessor-version":[{"id":1450,"href":"https:\/\/archipel.inria.fr\/fr\/wp-json\/wp\/v2\/pages\/817\/revisions\/1450"}],"wp:attachment":[{"href":"https:\/\/archipel.inria.fr\/fr\/wp-json\/wp\/v2\/media?parent=817"}],"curies":[{"name":"wp","href":"https:\/\/api.w.org\/{rel}","templated":true}]}}