

{"id":877,"date":"2022-12-21T10:28:23","date_gmt":"2022-12-21T09:28:23","guid":{"rendered":"http:\/\/make-wp.inrialpes.fr\/wordpress\/archipel\/?page_id=877"},"modified":"2024-11-27T14:15:33","modified_gmt":"2024-11-27T13:15:33","slug":"actes-2022","status":"publish","type":"page","link":"https:\/\/archipel.inria.fr\/fr\/actes-2022\/","title":{"rendered":"Actes d&rsquo;Archipel 2022"},"content":{"rendered":"<h1 class=\"wp-block-heading has-text-color\" style=\"color:#62c4dd\">Actes d&rsquo;Archipel 2022<\/h1>\n\n\n\n<h2 class=\"wp-block-heading has-text-color\" style=\"color:#62c4dd\">Introduction<\/h2>\n\n\n\n<ul class=\"wp-block-list\"><li><a href=\"https:\/\/archipel.inria.fr\/files\/2024\/11\/Article_collectif_Archipel_v6.pdf\" data-type=\"URL\" data-id=\"https:\/\/archipel.inria.fr\/files\/2024\/11\/Article_collectif_Archipel_v6.pdf\">Vers l\u2019\u00e9mergence d\u2019une communaut\u00e9 de recherche francophone transdisciplinaire sur les enjeux de l\u2019Anthropoc\u00e8ne<\/a><\/li><\/ul>\n\n\n\n<h2 class=\"wp-block-heading has-text-color\" style=\"color:#62c4dd\">Synth\u00e8ses des ateliers<\/h2>\n\n\n\n<ul class=\"wp-block-list\"><li><a href=\"https:\/\/archipel.inria.fr\/files\/2024\/11\/A2_CR_atelier_reflexif_Jeux_serieux.pdf\" data-type=\"URL\" data-id=\"https:\/\/archipel.inria.fr\/files\/2024\/11\/A2_CR_atelier_reflexif_Jeux_serieux.pdf\">Atelier 2 : Fresques et jeux s\u00e9rieux \u2013 D\u00e9couverte et analyse r\u00e9flexive<\/a><\/li><li><a href=\"https:\/\/archipel.inria.fr\/files\/2024\/11\/A3_Synthese_atelier_wargaming-Thibault_Fouillet.pdf\" data-type=\"URL\" data-id=\"https:\/\/archipel.inria.fr\/files\/2024\/11\/A3_Synthese_atelier_wargaming-Thibault_Fouillet.pdf\">Atelier 3 : Wargame<\/a><\/li><li><a href=\"https:\/\/archipel.inria.fr\/files\/2024\/11\/A5_Synthese-Atelier-ATD.pdf\" data-type=\"URL\" data-id=\"https:\/\/archipel.inria.fr\/files\/2024\/11\/A5_Synthese-Atelier-ATD.pdf\">Atelier 5 : R\u00e9chauffement climatique, d\u00e9gradation sociale, alimentaire et environnementale : l\u2019affaire de tous ?<\/a><\/li><\/ul>\n\n\n\n<h2 class=\"wp-block-heading has-text-color\" style=\"color:#62c4dd\">Synth\u00e8ses des symposiums<\/h2>\n\n\n\n<ul class=\"wp-block-list\"><li><a href=\"https:\/\/archipel.inria.fr\/files\/2024\/11\/S1_EmotionsCC.pdf\" data-type=\"URL\" data-id=\"https:\/\/archipel.inria.fr\/files\/2024\/11\/S1_EmotionsCC.pdf\">Symposium 1 : De la pratique clinique \u00e0 l\u2019intervention publique : quels r\u00f4les pour les sciences psychologiques face aux nouvelles \u00e9motions du changement climatique ?<\/a><\/li><li><a href=\"https:\/\/archipel.inria.fr\/files\/2024\/11\/S3_Echelles.pdf\" data-type=\"URL\" data-id=\"https:\/\/archipel.inria.fr\/files\/2024\/11\/S3_Echelles.pdf\">Symposium 3 : Les \u00e9chelles de la transition \u00e9cologique : m\u00e9thodes, d\u00e9fis, controverses<\/a><\/li><li><a href=\"https:\/\/archipel.inria.fr\/files\/2024\/11\/S5_Synthese.pdf\" data-type=\"URL\" data-id=\"https:\/\/archipel.inria.fr\/files\/2024\/11\/S5_Synthese.pdf\">Symposium 5 : L\u2019\u00e9conomie dans l\u2019environnement, des concepts aux donn\u00e9es : une mod\u00e9lisation sous contrainte(s)<\/a><\/li><li><a href=\"https:\/\/archipel.inria.fr\/files\/2024\/11\/S7_Synthese.pdf\" data-type=\"URL\" data-id=\"https:\/\/archipel.inria.fr\/files\/2024\/11\/S7_Synthese.pdf\">Symposium 7 : L\u2019id\u00e9ologie contre la politisation : des savoirs d\u00e9sactiv\u00e9s ?<\/a><\/li><li><a href=\"https:\/\/archipel.inria.fr\/files\/2024\/11\/S8_Synthese.pdf\" data-type=\"URL\" data-id=\"https:\/\/archipel.inria.fr\/files\/2024\/11\/S8_Synthese.pdf\">Symposium 8 : F\u00e9tiche, tabou, falsification : comment les savoirs sont rendus indisponibles ?<\/a><\/li><\/ul>\n\n\n\n<h2 class=\"wp-block-heading has-text-color\" style=\"color:#62c4dd\">Versions finales des articles<\/h2>\n\n\n\n<ul class=\"wp-block-list\"><li>Romain Couillet, Pierre-Olivier Amblard, Denis Trystram<em>, <\/em>Achille Baucher <a href=\"https:\/\/archipel.inria.fr\/files\/2024\/11\/2_Romain_Couillet_IAconviviale_finale.pdf\" data-type=\"URL\" data-id=\"https:\/\/archipel.inria.fr\/files\/2024\/11\/2_Romain_Couillet_IAconviviale_finale.pdf\">L\u2019intelligence artificielle peut-elle devenir un outil convivial ? ou doit-on imm\u00e9diatement arr\u00eater toute recherche en IA ?<\/a><\/li><li>Denis Dupr\u00e9, Jean-Yves Courtonne, Serge Fenet, Guillaume Mandil <a href=\"https:\/\/archipel.inria.fr\/files\/2024\/11\/10_Denis_Dupre_Violence.pdf\" data-type=\"URL\" data-id=\"https:\/\/archipel.inria.fr\/files\/2024\/11\/10_Denis_Dupre_Violence.pdf\">Le r\u00f4le particulier de la violence dans une \u00ab science des effondrements \u00bb.<\/a><\/li><li>Lo\u00efs Miraux <a href=\"https:\/\/archipel.inria.fr\/files\/2024\/11\/15_Lois_Miraux_Espace.pdf\" data-type=\"URL\" data-id=\"https:\/\/archipel.inria.fr\/files\/2024\/11\/15_Lois_Miraux_Espace.pdf\">Soutenabilit\u00e9 environnementale et structurelle des activit\u00e9s spatiales dans l\u2019Anthropoc\u00e8ne.<\/a><\/li><\/ul>\n\n\n\n<div><strong>Sponsors : <\/strong>\n<a href=\"https:\/\/www.inria.fr\/\"><img decoding=\"async\" width=\"100\" src=\"https:\/\/archipel.inria.fr\/files\/2024\/11\/inr_logo_rouge.png\"><\/a>\n<a href=\"https:\/\/www.carbone4.com\/\"><svg class=\"LogoWithTextRight l130uiqc r1t8a30h\" base=\"\" width=\"100\" height=\"21\" viewBox=\"0 0 138 21\" fill=\"none\" xmlns=\"http:\/\/www.w3.org\/2000\/svg\"><path d=\"M8.14654 11.9125C8.08472 11.577 8.05364 11.2368 8.05366 10.8959C8.05368 9.67421 8.44897 8.48399 9.18274 7.49625C9.91652 6.50851 10.951 5.77409 12.1375 5.39852C13.3241 5.02296 14.6016 5.02559 15.7865 5.40603C16.9714 5.78647 18.0027 6.52513 18.7322 7.51588L22.8243 5.79988C21.7777 4.04537 20.2136 2.64227 18.3377 1.77509C16.4618 0.907913 14.362 0.617261 12.3144 0.941357C10.2668 1.26545 8.36716 2.18912 6.86542 3.5909C5.36367 4.99268 4.33009 6.80693 3.90059 8.79508L0.0898438 10.3811V15.2639L8.14654 11.9125Z\" fill=\"#283246\"><\/path><path d=\"M19.7545 9.87679C19.8164 10.2131 19.8475 10.5542 19.8473 10.896C19.8473 12.1177 19.452 13.3079 18.7183 14.2956C17.9845 15.2834 16.95 16.0178 15.7635 16.3933C14.5769 16.7689 13.2994 16.7663 12.1145 16.3858C10.9296 16.0054 9.8983 15.2667 9.16876 14.276L5.08203 15.9764C6.12837 17.7282 7.69074 19.1292 9.56415 19.9956C11.4376 20.862 13.5345 21.1533 15.5799 20.8314C17.6254 20.5095 19.5237 19.5894 21.0259 18.1917C22.5281 16.794 23.564 14.9841 23.9978 12.9994L27.8112 11.4134V6.52539L19.7545 9.87679Z\" fill=\"#283246\"><\/path><path d=\"M35.9546 10.9201C35.9546 7.50888 38.6083 4.92188 42.0316 4.92188C44.8631 4.92188 47.2886 6.78087 47.6495 9.27427H44.9109C44.6243 8.21347 43.4221 7.43868 42.0316 7.43868C40.0864 7.43868 38.5977 8.94408 38.5977 10.9201C38.5977 12.8961 40.0864 14.3781 42.0316 14.3781C43.4221 14.3781 44.6482 13.5981 44.9507 12.4489H47.6867C47.3735 15.0619 44.9003 16.8949 42.0449 16.8949C41.2398 16.9112 40.4397 16.7678 39.6928 16.4732C38.9458 16.1786 38.2674 15.739 37.6984 15.1808C37.1294 14.6226 36.6816 13.9573 36.3819 13.2251C36.0822 12.4929 35.9369 11.7088 35.9546 10.9201Z\" fill=\"#283246\"><\/path><path d=\"M60.9294 5.15457V16.6596H58.2385V14.6394C57.3973 16.0746 55.959 16.8962 54.0854 16.8962C50.962 16.8962 48.4648 14.2156 48.4648 10.898C48.4648 7.58037 50.962 4.91797 54.0854 4.91797C55.959 4.91797 57.3973 5.73957 58.2385 7.17477V5.15457H60.9294ZM58.2385 10.8954C58.2468 10.4346 58.1601 9.97696 57.9835 9.54986C57.8068 9.12276 57.544 8.73501 57.2107 8.40989C56.8773 8.08476 56.4804 7.82896 56.0437 7.65782C55.607 7.48668 55.1395 7.40374 54.6692 7.41397C53.9634 7.41449 53.2736 7.6202 52.6871 8.00506C52.1006 8.38992 51.6439 8.93662 51.3748 9.57594C51.1056 10.2153 51.0362 10.9185 51.1752 11.5965C51.3142 12.2745 51.6554 12.8969 52.1556 13.3848C52.6558 13.8727 53.2926 14.2042 53.9852 14.3374C54.6779 14.4705 55.3953 14.3993 56.0466 14.1328C56.6979 13.8662 57.2539 13.4163 57.6441 12.84C58.0343 12.2637 58.2411 11.5869 58.2385 10.8954Z\" fill=\"#283246\"><\/path><path d=\"M70.0996 5.06098V7.46078C69.7149 7.36048 69.3194 7.3055 68.9214 7.29698C67.2177 7.29698 65.8245 8.44878 65.8245 10.5184V16.6596H63.1602V5.15457H65.8139V6.68338C66.1352 6.13731 66.6001 5.6857 67.1602 5.37564C67.7204 5.06559 68.3551 4.90843 68.9983 4.92058C69.3691 4.93308 69.7379 4.98009 70.0996 5.06098Z\" fill=\"#283246\"><\/path><path d=\"M83.7841 10.8956C83.7841 14.2132 81.3108 16.8938 78.1901 16.8938C76.2927 16.8938 74.8517 16.0488 74.0131 14.5902V16.6702H71.3594V0.191406H74.0131V7.22441C74.8517 5.76581 76.2927 4.92081 78.1901 4.92081C81.3108 4.92081 83.7841 7.578 83.7841 10.8956ZM81.1675 10.8956C81.1675 10.2014 80.9571 9.52289 80.563 8.94603C80.1688 8.36917 79.6087 7.91998 78.9537 7.65541C78.2986 7.39085 77.5782 7.32282 76.8836 7.45996C76.1891 7.5971 75.5517 7.93323 75.0524 8.42573C74.5531 8.91823 74.2143 9.54491 74.0789 10.2263C73.9436 10.9077 74.0179 11.6131 74.2923 12.2531C74.5667 12.8931 75.0289 13.4389 75.6203 13.8211C76.2117 14.2034 76.9057 14.405 77.6142 14.4004C78.0838 14.4036 78.5492 14.3149 78.9833 14.1396C79.4175 13.9643 79.8115 13.7059 80.1425 13.3795C80.4734 13.0531 80.7345 12.6653 80.9105 12.2388C81.0865 11.8122 81.1739 11.3556 81.1675 10.8956Z\" fill=\"#283246\"><\/path><path d=\"M96.7755 10.9188C96.7924 11.7124 96.6475 12.5013 96.3492 13.2392C96.051 13.9772 95.6054 14.6494 95.0385 15.2165C94.4717 15.7836 93.795 16.2341 93.0482 16.5417C92.3013 16.8493 91.4993 17.0077 90.6892 17.0077C89.8791 17.0077 89.0771 16.8493 88.3302 16.5417C87.5834 16.2341 86.9067 15.7836 86.3399 15.2165C85.7731 14.6494 85.3274 13.9772 85.0292 13.2392C84.7309 12.5013 84.586 11.7124 84.6029 10.9188C84.6029 7.5076 87.2433 4.9206 90.6773 4.9206C91.4835 4.90859 92.284 5.05571 93.0309 5.3532C93.7779 5.65068 94.4561 6.09244 95.0252 6.65215C95.5942 7.21186 96.0425 7.87808 96.3432 8.61109C96.6439 9.34411 96.7909 10.1289 96.7755 10.9188ZM87.2433 10.9188C87.2433 12.8714 88.7321 14.3768 90.6773 14.3768C91.5997 14.3521 92.4759 13.9756 93.1194 13.3277C93.763 12.6797 94.123 11.8112 94.123 10.9071C94.123 10.003 93.763 9.13455 93.1194 8.48655C92.4759 7.83855 91.5997 7.46214 90.6773 7.4374C88.7321 7.4374 87.2433 8.9428 87.2433 10.9188Z\" fill=\"#283246\"><\/path><path d=\"M109.505 10.0947V16.6597H106.814V10.4197C106.814 8.59969 105.687 7.43229 103.983 7.43229C102.229 7.43229 101.077 8.60749 101.077 10.4197V16.6597H98.4102V5.15469H101.077V6.97469C101.418 6.34513 101.931 5.8206 102.559 5.45939C103.186 5.09817 103.903 4.9144 104.63 4.92849C107.632 4.92069 109.505 6.89669 109.505 10.0947Z\" fill=\"#283246\"><\/path><path d=\"M122.827 11.7798H113.823C114.16 13.4724 115.36 14.5306 117.257 14.5306C118.698 14.5306 119.826 13.8728 120.068 12.8848H122.756C122.323 15.308 120.102 16.907 117.209 16.907C113.776 16.907 111.106 14.307 111.106 10.862C111.096 10.0809 111.246 9.30585 111.547 8.58238C111.848 7.8589 112.293 7.20166 112.857 6.6493C113.42 6.09695 114.091 5.66065 114.83 5.36608C115.568 5.0715 116.359 4.9246 117.156 4.93402C120.325 4.93402 122.894 7.31042 122.894 10.6722C122.899 11.0425 122.876 11.4126 122.827 11.7798ZM119.996 9.54382C119.754 8.22562 118.627 7.31042 117.018 7.31042C115.41 7.31042 114.28 8.13202 113.895 9.54382H119.996Z\" fill=\"#283246\"><\/path><path d=\"M137.995 13.7381H136.105V16.6605H133.452V13.7381H124.891V11.8869L132.563 1.04492H136.092V11.2603H137.995V13.7381ZM133.428 11.2603V3.92312L128.192 11.2603H133.428Z\" fill=\"#283246\"><\/path><\/svg>\n<\/a>&nbsp;<a href=\"https:\/\/www-ljk.imag.fr\"><img decoding=\"async\" width=\"9%\" src=\"https:\/\/archipel.inria.fr\/files\/2024\/11\/logo-LJK.png\"><\/a>&nbsp;<a href=\"https:\/\/designfactory.univ-grenoble-alpes.fr\/\"><img decoding=\"async\" width=\"10%\" src=\"https:\/\/archipel.inria.fr\/files\/2024\/11\/logo_design_factory_grenoble_png.png\"><\/a>&nbsp;<a href=\"https:\/\/www.univ-grenoble-alpes.fr\/\"><img decoding=\"async\" width=\"9%\" src=\"https:\/\/www.univ-grenoble-alpes.fr\/uas\/SITEUI\/UGA_LOGO_ACCUEIL\/logo+bleu.svg\"><\/a>&nbsp;<a href=\"https:\/\/www.geopolitique.net\"><img decoding=\"async\" width=\"9%\" src=\"https:\/\/www.geopolitique.net\/wp-content\/uploads\/2019\/03\/Capture-d%E2%80%99e%CC%81cran-2019-03-06-a%CC%80-15.49.36.png\"><\/a>&nbsp;<a href=\"https:\/\/www.unisante.ch\"><img decoding=\"async\" width=\"10%\" src=\"https:\/\/www.unisante.ch\/themes\/custom\/unisante\/logo.svg\"><\/a>&nbsp;<a href=\"https:\/\/innovacs.univ-grenoble-alpes.fr\/\"><img decoding=\"async\" width=\"10%\" src=\"https:\/\/archipel.inria.fr\/files\/2024\/11\/logo_innovacs-1.png\"><\/a><\/div>","protected":false},"excerpt":{"rendered":"<p>Actes d&rsquo;Archipel 2022 Introduction Vers l\u2019\u00e9mergence d\u2019une communaut\u00e9 de recherche francophone transdisciplinaire sur les enjeux de l\u2019Anthropoc\u00e8ne Synth\u00e8ses des ateliers Atelier 2 : Fresques et jeux s\u00e9rieux \u2013 D\u00e9couverte et analyse r\u00e9flexive Atelier 3 : Wargame Atelier 5 : R\u00e9chauffement climatique, d\u00e9gradation sociale, alimentaire et environnementale : l\u2019affaire de tous\u2026<\/p>\n<p> <a class=\"continue-reading-link\" href=\"https:\/\/archipel.inria.fr\/fr\/actes-2022\/\"><span>Continue reading<\/span><i class=\"crycon-right-dir\"><\/i><\/a> <\/p>\n","protected":false},"author":320,"featured_media":0,"parent":0,"menu_order":0,"comment_status":"closed","ping_status":"closed","template":"","meta":{"footnotes":""},"class_list":["post-877","page","type-page","status-publish","hentry"],"_links":{"self":[{"href":"https:\/\/archipel.inria.fr\/fr\/wp-json\/wp\/v2\/pages\/877","targetHints":{"allow":["GET"]}}],"collection":[{"href":"https:\/\/archipel.inria.fr\/fr\/wp-json\/wp\/v2\/pages"}],"about":[{"href":"https:\/\/archipel.inria.fr\/fr\/wp-json\/wp\/v2\/types\/page"}],"author":[{"embeddable":true,"href":"https:\/\/archipel.inria.fr\/fr\/wp-json\/wp\/v2\/users\/320"}],"replies":[{"embeddable":true,"href":"https:\/\/archipel.inria.fr\/fr\/wp-json\/wp\/v2\/comments?post=877"}],"version-history":[{"count":9,"href":"https:\/\/archipel.inria.fr\/fr\/wp-json\/wp\/v2\/pages\/877\/revisions"}],"predecessor-version":[{"id":1351,"href":"https:\/\/archipel.inria.fr\/fr\/wp-json\/wp\/v2\/pages\/877\/revisions\/1351"}],"wp:attachment":[{"href":"https:\/\/archipel.inria.fr\/fr\/wp-json\/wp\/v2\/media?parent=877"}],"curies":[{"name":"wp","href":"https:\/\/api.w.org\/{rel}","templated":true}]}}