

{"id":894,"date":"2023-02-24T13:07:07","date_gmt":"2023-02-24T12:07:07","guid":{"rendered":"http:\/\/make-wp.inrialpes.fr\/wordpress\/archipel\/?page_id=894"},"modified":"2024-11-17T23:08:56","modified_gmt":"2024-11-17T22:08:56","slug":"charte","status":"publish","type":"page","link":"https:\/\/archipel.inria.fr\/fr\/charte\/","title":{"rendered":"Charte"},"content":{"rendered":"<h1 class=\"wp-block-heading has-text-color\" style=\"color:#62c4dd\">Charte de la communaut\u00e9 Archipel<\/h1>\n\n\n\n<ul class=\"wp-block-list\"><li>Consid\u00e9rant que l\u2019oubli des droits des peuples terrestres et du vivant, que le m\u00e9pris et la marchandisation des savoirs, et l\u2019instrumentalisation de leur production sont des causes majeures de l\u2019intense d\u00e9gradation de l\u2019air, de l\u2019eau, des sols, des ressources, de la biodiversit\u00e9 et du climat ;<\/li><li>Consid\u00e9rant que ces graves changements globaux d\u2019origine anthropique touchent de mani\u00e8re disproportionn\u00e9e les communaut\u00e9s les plus d\u00e9favoris\u00e9es qui sont souvent les moins responsables de ces changements ;<\/li><li>Consid\u00e9rant la gravit\u00e9 de ces changements qui ont d\u2019ores et d\u00e9j\u00e0 fait dispara\u00eetre de tr\u00e8s nombreuses esp\u00e8ces animales et v\u00e9g\u00e9tales de la surface terrestre et qui ont amorc\u00e9 une sixi\u00e8me extinction ;<\/li><li>Consid\u00e9rant la gravit\u00e9 de ces changements qui ont d\u2019ores et d\u00e9j\u00e0 des cons\u00e9quences majeures sur les soci\u00e9t\u00e9s humaines (in\u00e9galit\u00e9s, migrations, conflits arm\u00e9s, p\u00e9nuries, pand\u00e9mies, pertes de libert\u00e9s publiques d\u00e9mocratiques et de protections sociales etc t\u00e9moignant d\u2019un effondrement en cours) ;<\/li><li>Consid\u00e9rant que les structures actuelles de la recherche et des gouvernements ne sont pas adapt\u00e9es pour faire face \u00e0 ces enjeux syst\u00e9miques ;<\/li><li>Consid\u00e9rant que l\u2019origine de ces changements sont les modes de vie occidentaux, les mod\u00e8les \u00e9conomiques et financiers dominants, et des formes de gouvernance corruptrices des principes d\u00e9mocratiques ;<\/li><\/ul>\n\n\n\n<p class=\"has-text-align-justify\">Nous, membres d&rsquo;Archipel, avons r\u00e9solu d&rsquo;exposer dans une charte les principes qui doivent nous r\u00e9unir en reliant communaut\u00e9s scientifiques et citoyen\u00b7nes pour r\u00e9pondre de cette situation.<\/p>\n\n\n\n<p class=\"has-text-align-justify\"><strong>Article 1 : <\/strong>La d\u00e9gradation des capacit\u00e9s du syst\u00e8me \u201cTerre\u201d,\u00a0 humains et non humains, alerte la communaut\u00e9 scientifique francophone et conduit \u00e0 faire \u00e9merger des espaces ouverts \u00e0 la soci\u00e9t\u00e9 civile qui travaillent \u00e0 soutenir la vie et les soci\u00e9t\u00e9s humaines. La communaut\u00e9 Archipel est l\u2019un de ces espaces.<\/p>\n\n\n\n<p class=\"has-text-align-justify\"><strong>Article\u00a0 2 : <\/strong>La communaut\u00e9 Archipel est transdisciplinaire et inclusive. Elle appr\u00e9hende de mani\u00e8re syst\u00e9mique la situation critique qui est la n\u00f4tre, englobant \u00e0 la fois les aspects \u00e9cologiques, socio-\u00e9conomiques et politiques.<\/p>\n\n\n\n<p class=\"has-text-align-justify\"><strong>Article 3 :<\/strong> La communaut\u00e9 Archipel a vocation \u00e0 fournir des savoirs scientifiques et vivants permettant une action efficiente pour transformer les mani\u00e8res de chercher, de vivre et d\u2019habiter la Terre.<\/p>\n\n\n\n<p class=\"has-text-align-justify\"><strong>Article\u00a0 4 :<\/strong> Ces transformations sont guid\u00e9es par le bien commun, des valeurs d\u2019\u00e9galit\u00e9, de justice sociale et d\u2019\u00e9quit\u00e9 environnementale pour les humains et non humains. Nul ne devra \u00eatre laiss\u00e9 de c\u00f4t\u00e9.<\/p>\n\n\n\n<p class=\"has-text-align-justify\"><strong>Article\u00a0 5 :<\/strong> Ces savoirs sont con\u00e7us avec la soci\u00e9t\u00e9 civile en vue de leur appropriation par le grand public et afin qu&rsquo;\u00e9mergent des impl\u00e9mentations concr\u00e8tes. La communaut\u00e9 s\u2019efforcera d\u2019adopter des m\u00e9thodes de travail permettant \u00e0 toutes les personnes, en particulier les plus discrimin\u00e9es, d\u2019apporter leurs exp\u00e9riences et leurs savoirs.<\/p>\n\n\n\n<p class=\"has-text-align-justify\"><strong>Article 6 :<\/strong> Archipel reconna\u00eet la non neutralit\u00e9 de la science et la dimension intrins\u00e8quement politique de ces enjeux qui n\u00e9cessitent donc d\u2019\u00eatre explicit\u00e9s, discut\u00e9s et critiqu\u00e9s.<\/p>\n\n\n\n<p><strong>Article 7 :<\/strong> La communaut\u00e9 Archipel souhaite faire face d&rsquo;une mani\u00e8re r\u00e9ellement syst\u00e9mique aux risques de d\u00e9clin ou d&rsquo;effondrement des soci\u00e9t\u00e9s modernes.\u00a0 A ce titre les concepts de croissance verte et de d\u00e9veloppement durable font \u00e9cran \u00e0 la gravit\u00e9 de la situation et aux facteurs qui en sont \u00e0 l&rsquo;origine.<\/p>\n\n\n\n<p>La Charte peut \u00e9voluer en fonction des besoins.<\/p>","protected":false},"excerpt":{"rendered":"<p>Charte de la communaut\u00e9 Archipel Consid\u00e9rant que l\u2019oubli des droits des peuples terrestres et du vivant, que le m\u00e9pris et la marchandisation des savoirs, et l\u2019instrumentalisation de leur production sont des causes majeures de l\u2019intense d\u00e9gradation de l\u2019air, de l\u2019eau, des sols, des ressources, de la biodiversit\u00e9 et du climat\u2026<\/p>\n<p> <a class=\"continue-reading-link\" href=\"https:\/\/archipel.inria.fr\/fr\/charte\/\"><span>Continue reading<\/span><i class=\"crycon-right-dir\"><\/i><\/a> <\/p>\n","protected":false},"author":320,"featured_media":0,"parent":0,"menu_order":0,"comment_status":"closed","ping_status":"closed","template":"","meta":{"footnotes":""},"class_list":["post-894","page","type-page","status-publish","hentry"],"_links":{"self":[{"href":"https:\/\/archipel.inria.fr\/fr\/wp-json\/wp\/v2\/pages\/894","targetHints":{"allow":["GET"]}}],"collection":[{"href":"https:\/\/archipel.inria.fr\/fr\/wp-json\/wp\/v2\/pages"}],"about":[{"href":"https:\/\/archipel.inria.fr\/fr\/wp-json\/wp\/v2\/types\/page"}],"author":[{"embeddable":true,"href":"https:\/\/archipel.inria.fr\/fr\/wp-json\/wp\/v2\/users\/320"}],"replies":[{"embeddable":true,"href":"https:\/\/archipel.inria.fr\/fr\/wp-json\/wp\/v2\/comments?post=894"}],"version-history":[{"count":2,"href":"https:\/\/archipel.inria.fr\/fr\/wp-json\/wp\/v2\/pages\/894\/revisions"}],"predecessor-version":[{"id":1211,"href":"https:\/\/archipel.inria.fr\/fr\/wp-json\/wp\/v2\/pages\/894\/revisions\/1211"}],"wp:attachment":[{"href":"https:\/\/archipel.inria.fr\/fr\/wp-json\/wp\/v2\/media?parent=894"}],"curies":[{"name":"wp","href":"https:\/\/api.w.org\/{rel}","templated":true}]}}