

{"id":939,"date":"2023-03-31T11:22:35","date_gmt":"2023-03-31T09:22:35","guid":{"rendered":"http:\/\/make-wp.inrialpes.fr\/wordpress\/archipel\/?page_id=939"},"modified":"2024-11-28T11:47:41","modified_gmt":"2024-11-28T10:47:41","slug":"communaute-archipel","status":"publish","type":"page","link":"https:\/\/archipel.inria.fr\/fr\/communaute-archipel\/","title":{"rendered":"Communaut\u00e9 Archipel"},"content":{"rendered":"<h2 class=\"has-text-color wp-block-heading\" style=\"color:#62c4dd\">Communaut\u00e9 Archipel<\/h2>\n\n\n\n<p><strong>Archipel<\/strong> est une communaut\u00e9 de recherche francophone transdisciplinaire sur les enjeux de l&rsquo;Anthropoc\u00e8ne (limites plan\u00e9taires, risques syst\u00e9miques, leviers d&rsquo;action).<\/p>\n\n\n\n<p>Dans le cadre des d\u00e9gradations globales actuelles, qu\u2019elles soient environnementales, \u00e9cosyst\u00e9miques, climatiques, sociales ou politiques, nos soci\u00e9t\u00e9s humaines se trouvent confront\u00e9es \u00e0 des enjeux toujours plus pressants, constituant ce qu\u2019on appelle maintenant commun\u00e9ment la transition de l\u2019Anthropoc\u00e8ne. Ces grands changements, s\u2019ils se mat\u00e9rialisent pleinement, engagent nos soci\u00e9t\u00e9s vers des trajectoires de transitions brutales et de potentiels effondrements \u00e0 des \u00e9chelles vari\u00e9es.<\/p>\n\n\n\n<p>Dans ce contexte, de multiples recherches sont indispensables et trois axes m\u00e9ritent d\u2019\u00eatre plus particuli\u00e8rement encourag\u00e9s :<\/p>\n\n\n\n<ul class=\"wp-block-list\"><li>Sur les dangers structurels \u00e0 long terme qui sont dus \u00e0 la transgression des limites biophysiques de la plan\u00e8te et son impact sur la vie quotidienne des populations.<\/li><li>Sur l\u2019interconnexion des r\u00e9seaux structurels de notre soci\u00e9t\u00e9, leur complexit\u00e9, et l\u2019hyper-sp\u00e9cialisation de leurs composants qui peuvent propager au niveau global le moindre choc local ou sectoriel. Ce deuxi\u00e8me aspect n\u00e9cessite une transdisciplinarit\u00e9, inhabituelle dans nos pratiques de recherches.<\/li><li>Sur les changements sociaux et politiques et la mani\u00e8re dont ils peuvent faire varier les trajectoires. Ce troisi\u00e8me aspect n\u00e9cessite d\u2019int\u00e9grer la politique puisqu\u2019elle fait partie des variables du champ d\u2019\u00e9tude.<\/li><\/ul>\n\n\n\n<p>Une <a href=\"https:\/\/archipel.inria.fr\/charte\/\" data-type=\"page\" data-id=\"894\">charte<\/a> explique les objectifs, les valeurs et le fonctionnement de la communaut\u00e9.  <strong>>><a href=\"https:\/\/archipel.inria.fr\/charte\/\" data-type=\"page\" data-id=\"894\">Lire la charte<\/a>.<\/strong><\/p>","protected":false},"excerpt":{"rendered":"<p>Communaut\u00e9 Archipel Archipel est une communaut\u00e9 de recherche francophone transdisciplinaire sur les enjeux de l&rsquo;Anthropoc\u00e8ne (limites plan\u00e9taires, risques syst\u00e9miques, leviers d&rsquo;action). Dans le cadre des d\u00e9gradations globales actuelles, qu\u2019elles soient environnementales, \u00e9cosyst\u00e9miques, climatiques, sociales ou politiques, nos soci\u00e9t\u00e9s humaines se trouvent confront\u00e9es \u00e0 des enjeux toujours plus pressants, constituant ce\u2026<\/p>\n<p> <a class=\"continue-reading-link\" href=\"https:\/\/archipel.inria.fr\/fr\/communaute-archipel\/\"><span>Continue reading<\/span><i class=\"crycon-right-dir\"><\/i><\/a> <\/p>\n","protected":false},"author":320,"featured_media":0,"parent":0,"menu_order":0,"comment_status":"closed","ping_status":"closed","template":"","meta":{"footnotes":""},"class_list":["post-939","page","type-page","status-publish","hentry"],"_links":{"self":[{"href":"https:\/\/archipel.inria.fr\/fr\/wp-json\/wp\/v2\/pages\/939","targetHints":{"allow":["GET"]}}],"collection":[{"href":"https:\/\/archipel.inria.fr\/fr\/wp-json\/wp\/v2\/pages"}],"about":[{"href":"https:\/\/archipel.inria.fr\/fr\/wp-json\/wp\/v2\/types\/page"}],"author":[{"embeddable":true,"href":"https:\/\/archipel.inria.fr\/fr\/wp-json\/wp\/v2\/users\/320"}],"replies":[{"embeddable":true,"href":"https:\/\/archipel.inria.fr\/fr\/wp-json\/wp\/v2\/comments?post=939"}],"version-history":[{"count":3,"href":"https:\/\/archipel.inria.fr\/fr\/wp-json\/wp\/v2\/pages\/939\/revisions"}],"predecessor-version":[{"id":1384,"href":"https:\/\/archipel.inria.fr\/fr\/wp-json\/wp\/v2\/pages\/939\/revisions\/1384"}],"wp:attachment":[{"href":"https:\/\/archipel.inria.fr\/fr\/wp-json\/wp\/v2\/media?parent=939"}],"curies":[{"name":"wp","href":"https:\/\/api.w.org\/{rel}","templated":true}]}}