

{"id":943,"date":"2023-03-31T11:24:29","date_gmt":"2023-03-31T09:24:29","guid":{"rendered":"http:\/\/make-wp.inrialpes.fr\/wordpress\/archipel\/?page_id=943"},"modified":"2024-11-17T23:10:47","modified_gmt":"2024-11-17T22:10:47","slug":"infolettre","status":"publish","type":"page","link":"https:\/\/archipel.inria.fr\/fr\/infolettre\/","title":{"rendered":"Infolettre"},"content":{"rendered":"<h1 class=\"has-text-color wp-block-heading\" style=\"color:#62c4dd\">Infolettre<\/h1>\n\n\n\n<p>Une <a href=\"https:\/\/sympa.inria.fr\/sympa\/info\/archipel\">infolettre<\/a> est envoy\u00e9e par courriel \u00e0 tous les membres de la communaut\u00e9 Archipel. Vous pouvez vous y <a href=\"https:\/\/sympa.inria.fr\/sympa\/subscribe\/archipel\">inscrire<\/a>.<\/p>\n\n\n\n<p>Envoyez \u00e0 <a href=\"mailto:infolettre-archipel@inria.fr\">infolettre-archipel@inria.fr<\/a> les annonces que vous souhaitez poster sur la liste. Les cat\u00e9gories retenues sont les suivantes :<\/p>\n\n\n\n<ul class=\"wp-block-list\"><li>[Job] postes acad\u00e9miques, CDD, CDI;<\/li><li>[Appel] Appels \u00e0 soumission aux conf\u00e9rences et revues;<\/li><li>[\u00c9v\u00e9nement] \u00e9v\u00e9nements (s\u00e9minaires, soutenances de th\u00e8se, HDR);<\/li><li>[Publication] publication d\u2019ouvrages et de revues;<\/li><li>[Partenariat] recherche de partenariats pour des projets en cours de montage.<\/li><\/ul>\n\n\n\n<p><\/p>","protected":false},"excerpt":{"rendered":"<p>Infolettre Une infolettre est envoy\u00e9e par courriel \u00e0 tous les membres de la communaut\u00e9 Archipel. Vous pouvez vous y inscrire. Envoyez \u00e0 infolettre-archipel@inria.fr les annonces que vous souhaitez poster sur la liste. Les cat\u00e9gories retenues sont les suivantes : [Job] postes acad\u00e9miques, CDD, CDI; [Appel] Appels \u00e0 soumission aux conf\u00e9rences\u2026<\/p>\n<p> <a class=\"continue-reading-link\" href=\"https:\/\/archipel.inria.fr\/fr\/infolettre\/\"><span>Continue reading<\/span><i class=\"crycon-right-dir\"><\/i><\/a> <\/p>\n","protected":false},"author":320,"featured_media":0,"parent":0,"menu_order":0,"comment_status":"closed","ping_status":"closed","template":"","meta":{"footnotes":""},"class_list":["post-943","page","type-page","status-publish","hentry"],"_links":{"self":[{"href":"https:\/\/archipel.inria.fr\/fr\/wp-json\/wp\/v2\/pages\/943","targetHints":{"allow":["GET"]}}],"collection":[{"href":"https:\/\/archipel.inria.fr\/fr\/wp-json\/wp\/v2\/pages"}],"about":[{"href":"https:\/\/archipel.inria.fr\/fr\/wp-json\/wp\/v2\/types\/page"}],"author":[{"embeddable":true,"href":"https:\/\/archipel.inria.fr\/fr\/wp-json\/wp\/v2\/users\/320"}],"replies":[{"embeddable":true,"href":"https:\/\/archipel.inria.fr\/fr\/wp-json\/wp\/v2\/comments?post=943"}],"version-history":[{"count":1,"href":"https:\/\/archipel.inria.fr\/fr\/wp-json\/wp\/v2\/pages\/943\/revisions"}],"predecessor-version":[{"id":1212,"href":"https:\/\/archipel.inria.fr\/fr\/wp-json\/wp\/v2\/pages\/943\/revisions\/1212"}],"wp:attachment":[{"href":"https:\/\/archipel.inria.fr\/fr\/wp-json\/wp\/v2\/media?parent=943"}],"curies":[{"name":"wp","href":"https:\/\/api.w.org\/{rel}","templated":true}]}}