

{"id":985,"date":"2023-03-31T14:03:24","date_gmt":"2023-03-31T12:03:24","guid":{"rendered":"http:\/\/make-wp.inrialpes.fr\/wordpress\/archipel\/?page_id=985"},"modified":"2025-04-04T16:38:21","modified_gmt":"2025-04-04T14:38:21","slug":"organisation-2023","status":"publish","type":"page","link":"https:\/\/archipel.inria.fr\/fr\/organisation-2023\/","title":{"rendered":"Organisation 2023"},"content":{"rendered":"<h2 class=\"wp-block-heading has-text-color\" style=\"color:#62c4dd\">Dates, programme et organisation des Rencontres Archipel 2023<\/h2>\n\n\n\n<h3 class=\"wp-block-heading has-text-color\" style=\"color:#62c4dd\">Dates<\/h3>\n\n\n\n<p>Mardi 27 et mercredi 28 juin 2023<\/p>\n\n\n\n<h3 class=\"wp-block-heading has-text-color\" style=\"color:#62c4dd\">Lieu<\/h3>\n\n\n\n<p>INSA de Lyon<\/p>\n\n\n\n<h3 class=\"wp-block-heading has-text-color\" style=\"color:#62c4dd\">Organisation<\/h3>\n\n\n\n<p>La <a href=\".\/ancien-accueil\/\" data-type=\"URL\" data-id=\".\/ancien-accueil\/\">conf\u00e9rence Archipel 2022<\/a> \u201cRisques syst\u00e9miques, trajectoires et leviers d\u2019action\u201d \u00e9tait un premier pas. Son but \u00e9tait de constituer un collectif scientifique transdisciplinaire permettant de faire \u00e9merger les questionnements, les points saillants, les cadres de pens\u00e9e, les m\u00e9thodes et les outils permettant de traiter des risques syst\u00e9miques, et plus globalement des futurs de nos soci\u00e9t\u00e9s. La deuxi\u00e8me \u00e9dition de la conf\u00e9rence Archipel aura lieu du lundi 15 avril au jeudi 18 avril 2024 \u00e0 Lyon pour prolonger et approfondir le travail initi\u00e9 en 2022 (<a href=\".\/appels-a-communication-a-archipel-2024\/\" data-type=\"URL\" data-id=\".\/appels-a-communication-a-archipel-2024\/\">appel \u00e0 communications<\/a> pour l&rsquo;\u00e9dition 2024).<\/p>\n\n\n\n<p>Afin de maintenir cette dynamique et sa convivialit\u00e9, le comit\u00e9 de programme d&rsquo;Archipel 2024, accompagn\u00e9 du comit\u00e9 de pilotage d&rsquo;Archipel 2022, propose un moment de rencontre sur invitation entre ces deux \u00e9v\u00e8nements, les <strong><span style=\"text-decoration: underline\" class=\"ek-underline\">27 et 28 juin 2023 \u00e0 Lyon<\/span><\/strong>.<\/p>\n\n\n\n<p>Les membres de la liste Archipel sont de facto invit\u00e9s. Ils peuvent eux-m\u00eames inviter d&rsquo;autres coll\u00e8gues pour les aider dans la construction de leurs r\u00e9flexions dans leur groupe de travail.<\/p>\n\n\n\n<p>Ces journ\u00e9es ont vocation \u00e0 aider les groupes de travail \u00e0 avancer dans leurs travaux collectifs. Le contenu de ces deux journ\u00e9es s\u2019oriente donc vers un travail d\u2019\u00e9laboration, de concertation, qui permettra de soumettre en 2024 des minis symposiums de r\u00e9flexion collective et\/ou des ateliers de mise en action et\/ou des articles pluridisciplinaires.<\/p>\n\n\n\n<p>Ceux qui n&rsquo;appartiennent pas \u00e0 un groupe de travail constitu\u00e9 ont naturellement la possibilit\u00e9 de venir aux rencontres Archipel 2023 pour int\u00e9grer ou discuter avec les groupes existants et\/ou pour lancer un nouveau groupe de travail.<\/p>\n\n\n\n<p><strong>Pour participer \u00e0 cet \u00e9v\u00e8nement<\/strong>, merci de remplir <strong>ce formulaire<\/strong> en nous indiquant si vous souhaitez :<br>&#8211; participer \u00e0 groupe de travail d\u00e9j\u00e0 constitu\u00e9<br><em>&#8211; Nom du ou des groupes (voir https:\/\/archipel.inria.fr\/groupes-de-travail\/)<\/em><br>&#8211; r\u00e9unir un nouveau groupe de travail<br><em>&#8211; (i) le questionnement, angles d\u2019attaque et points de vue.<\/em><br><em>&nbsp;&nbsp;&nbsp; &#8211; (ii) des besoins de collaboration (ex : recherche de juristes pour compl\u00e9ter les points de vue)<\/em><br><em>&nbsp;&nbsp;&nbsp; &#8211; (iii) si vous avez identifi\u00e9 des collaborateurs potentiels, vous pouvez les inviter en nous tenant inform\u00e9s<\/em><\/p>\n\n\n\n<p>Vous pouvez aussi vous (auto-)organiser selon des modalit\u00e9s hybrides, semblables \u00e0 un \u00ab archipel \u00bb : distanciel, co-modal ou autres lieux de rencontre plus proches de vous selon les groupes et affinit\u00e9s constitu\u00e9s. Si vous souhaitez cr\u00e9er une liste de discussion et une page web pour votre groupe, contactez <a href=\"mailto:webmaster-archipel@inria.fr\" class=\"ek-link\">webmaster-archipel@inria.fr<\/a>.<\/p>\n\n\n\n<p>Pour contacter les organisateurs des Rencontres Archipel 2023, vous pouvez \u00e9crire \u00e0 <a href=\"mailto:archipel-2023-contact[at]inria.fr\">archipel-2023-contact@inria.fr<\/a>.<\/p>","protected":false},"excerpt":{"rendered":"<p>Dates, programme et organisation des Rencontres Archipel 2023 Dates Mardi 27 et mercredi 28 juin 2023 Lieu INSA de Lyon Organisation La conf\u00e9rence Archipel 2022 \u201cRisques syst\u00e9miques, trajectoires et leviers d\u2019action\u201d \u00e9tait un premier pas. Son but \u00e9tait de constituer un collectif scientifique transdisciplinaire permettant de faire \u00e9merger les questionnements,\u2026<\/p>\n<p> <a class=\"continue-reading-link\" href=\"https:\/\/archipel.inria.fr\/fr\/organisation-2023\/\"><span>Continue reading<\/span><i class=\"crycon-right-dir\"><\/i><\/a> <\/p>\n","protected":false},"author":320,"featured_media":0,"parent":0,"menu_order":0,"comment_status":"closed","ping_status":"closed","template":"","meta":{"footnotes":""},"class_list":["post-985","page","type-page","status-publish","hentry"],"_links":{"self":[{"href":"https:\/\/archipel.inria.fr\/fr\/wp-json\/wp\/v2\/pages\/985","targetHints":{"allow":["GET"]}}],"collection":[{"href":"https:\/\/archipel.inria.fr\/fr\/wp-json\/wp\/v2\/pages"}],"about":[{"href":"https:\/\/archipel.inria.fr\/fr\/wp-json\/wp\/v2\/types\/page"}],"author":[{"embeddable":true,"href":"https:\/\/archipel.inria.fr\/fr\/wp-json\/wp\/v2\/users\/320"}],"replies":[{"embeddable":true,"href":"https:\/\/archipel.inria.fr\/fr\/wp-json\/wp\/v2\/comments?post=985"}],"version-history":[{"count":5,"href":"https:\/\/archipel.inria.fr\/fr\/wp-json\/wp\/v2\/pages\/985\/revisions"}],"predecessor-version":[{"id":1477,"href":"https:\/\/archipel.inria.fr\/fr\/wp-json\/wp\/v2\/pages\/985\/revisions\/1477"}],"wp:attachment":[{"href":"https:\/\/archipel.inria.fr\/fr\/wp-json\/wp\/v2\/media?parent=985"}],"curies":[{"name":"wp","href":"https:\/\/api.w.org\/{rel}","templated":true}]}}